{"id":12,"date":"2009-03-17T18:05:08","date_gmt":"2009-03-17T17:05:08","guid":{"rendered":"http:\/\/www.sachyuo.cz\/?page_id=12"},"modified":"2014-10-05T19:05:34","modified_gmt":"2014-10-05T18:05:34","slug":"kp-i-acko","status":"publish","type":"page","link":"https:\/\/www.sachyuo.cz\/?page_id=12","title":{"rendered":"2008\/09 &#8211; \u00c1\u010dko"},"content":{"rendered":"<p>Dru\u017estvo A hraje v KP I s c\u00edlem postupu do vy\u0161\u0161\u00ed sout\u011b\u017ee. Kone\u010dn\u00e9 v\u00fdsledky ale ukazuj\u00ed, \u017ee se to nepoda\u0159ilo a na\u0161e \u00c1\u010dko skon\u010dilo p\u00e1t\u00e9.<\/p>\n<h4>Kone\u010dn\u00fd stav<\/h4>\n<p><!-- \t\t@page { size: 21cm 29.7cm; margin: 2cm } \t\tP { margin-bottom: 0.21cm } --><\/p>\n<table border=\"0\" align=\"center\">\n<tbody>\n<tr style=\"background-color: #f6f4ac;\">\n<td><span style=\"font-size: xx-small;\"><strong>Po\u0159ad\u00ed<\/strong><\/span><\/td>\n<td><span style=\"font-size: xx-small;\"><strong>Dru\u017estvo<\/strong><\/span><\/td>\n<td><span style=\"font-size: xx-small;\"><strong>Z\u00e1pas\u016f<\/strong><\/span><\/td>\n<td><span style=\"font-size: xx-small;\"><strong>V<\/strong><\/span><\/td>\n<td><span style=\"font-size: xx-small;\"><strong>R<\/strong><\/span><\/td>\n<td><span style=\"font-size: xx-small;\"><strong>P<\/strong><\/span><\/td>\n<td><span style=\"font-size: xx-small;\"><strong>Body<\/strong><\/span><\/td>\n<td><span style=\"font-size: xx-small;\"><strong>Po\u010d. v\u00fdher<\/strong><\/span><\/td>\n<td><span style=\"font-size: xx-small;\"><strong>Skor\u00e9<\/strong><\/span><\/td>\n<\/tr>\n<tr>\n<td><span style=\"font-size: xx-small;\"><strong>1.<\/strong><\/span><\/td>\n<td><span style=\"font-size: xx-small;\"><strong>TJ Jiskra Litomy\u0161l<\/strong><\/span><\/td>\n<td><span style=\"font-size: xx-small;\"><strong>11<\/strong><\/span><\/td>\n<td><span style=\"font-size: xx-small;\">8<\/span><\/td>\n<td><span style=\"font-size: xx-small;\">0<\/span><\/td>\n<td><span style=\"font-size: xx-small;\">3<\/span><\/td>\n<td><span style=\"font-size: xx-small;\">24<\/span><\/td>\n<td><span style=\"font-size: xx-small;\">35<\/span><\/td>\n<td><span style=\"font-size: xx-small;\">51:37<\/span><\/td>\n<\/tr>\n<tr>\n<td><span style=\"font-size: xx-small;\">2.<\/span><\/td>\n<td><span style=\"font-size: xx-small;\">TJ Lan\u0161kroun<\/span><\/td>\n<td><span style=\"font-size: xx-small;\">11<\/span><\/td>\n<td><span style=\"font-size: xx-small;\">6<\/span><\/td>\n<td><span style=\"font-size: xx-small;\">3<\/span><\/td>\n<td><span style=\"font-size: xx-small;\">2<\/span><\/td>\n<td><span style=\"font-size: xx-small;\">21<\/span><\/td>\n<td><span style=\"font-size: xx-small;\">31<\/span><\/td>\n<td><span style=\"font-size: xx-small;\">49.5:38.5<\/span><\/td>\n<\/tr>\n<tr>\n<td><span style=\"font-size: xx-small;\">3.<\/span><\/td>\n<td><span style=\"font-size: xx-small;\">Lokomotiva \u010cesk\u00e1 T\u0159ebov\u00e1<\/span><\/td>\n<td><span style=\"font-size: xx-small;\">11<\/span><\/td>\n<td><span style=\"font-size: xx-small;\">6<\/span><\/td>\n<td><span style=\"font-size: xx-small;\">1<\/span><\/td>\n<td><span style=\"font-size: xx-small;\">4<\/span><\/td>\n<td><span style=\"font-size: xx-small;\">19<\/span><\/td>\n<td><span style=\"font-size: xx-small;\">31<\/span><\/td>\n<td><span style=\"font-size: xx-small;\">46.5:40.5<\/span><\/td>\n<\/tr>\n<tr>\n<td><span style=\"font-size: xx-small;\">4.<\/span><\/td>\n<td><span style=\"font-size: xx-small;\">2222 \u0160K Polabiny D<\/span><\/td>\n<td><span style=\"font-size: xx-small;\">11<\/span><\/td>\n<td><span style=\"font-size: xx-small;\">6<\/span><\/td>\n<td><span style=\"font-size: xx-small;\">1<\/span><\/td>\n<td><span style=\"font-size: xx-small;\">4<\/span><\/td>\n<td><span style=\"font-size: xx-small;\">19<\/span><\/td>\n<td><span style=\"font-size: xx-small;\">28<\/span><\/td>\n<td><span style=\"font-size: xx-small;\">44.5:43.5<\/span><\/td>\n<\/tr>\n<tr>\n<td><span style=\"font-size: xx-small;\">5.<\/span><\/td>\n<td><span style=\"font-size: xx-small;\">TJ Jiskra \u00dast\u00ed nad Orlic\u00ed<\/span><\/td>\n<td><span style=\"font-size: xx-small;\">11<\/span><\/td>\n<td><span style=\"font-size: xx-small;\">5<\/span><\/td>\n<td><span style=\"font-size: xx-small;\">3<\/span><\/td>\n<td><span style=\"font-size: xx-small;\">3<\/span><\/td>\n<td><span style=\"font-size: xx-small;\">18<\/span><\/td>\n<td><span style=\"font-size: xx-small;\">33<\/span><\/td>\n<td><span style=\"font-size: xx-small;\">48:40<\/span><\/td>\n<\/tr>\n<tr>\n<td><span style=\"font-size: xx-small;\">6.<\/span><\/td>\n<td><span style=\"font-size: xx-small;\">TJ \u0160tefanydes Poli\u010dka<\/span><\/td>\n<td><span style=\"font-size: xx-small;\">11<\/span><\/td>\n<td><span style=\"font-size: xx-small;\">5<\/span><\/td>\n<td><span style=\"font-size: xx-small;\">2<\/span><\/td>\n<td><span style=\"font-size: xx-small;\">4<\/span><\/td>\n<td><span style=\"font-size: xx-small;\">17<\/span><\/td>\n<td><span style=\"font-size: xx-small;\">34<\/span><\/td>\n<td><span style=\"font-size: xx-small;\">46.5:41.5<\/span><\/td>\n<\/tr>\n<tr>\n<td><span style=\"font-size: xx-small;\">7.<\/span><\/td>\n<td><span style=\"font-size: xx-small;\">\u0160K Vysok\u00e9 M\u00fdto B<\/span><\/td>\n<td><span style=\"font-size: xx-small;\">11<\/span><\/td>\n<td><span style=\"font-size: xx-small;\">5<\/span><\/td>\n<td><span style=\"font-size: xx-small;\">2<\/span><\/td>\n<td><span style=\"font-size: xx-small;\">4<\/span><\/td>\n<td><span style=\"font-size: xx-small;\">17<\/span><\/td>\n<td><span style=\"font-size: xx-small;\">23<\/span><\/td>\n<td><span style=\"font-size: xx-small;\">46:42<\/span><\/td>\n<\/tr>\n<tr>\n<td><span style=\"font-size: xx-small;\">8.<\/span><\/td>\n<td><span style=\"font-size: xx-small;\">TJ Spartak OEZ Letohrad<\/span><\/td>\n<td><span style=\"font-size: xx-small;\">11<\/span><\/td>\n<td><span style=\"font-size: xx-small;\">3<\/span><\/td>\n<td><span style=\"font-size: xx-small;\">4<\/span><\/td>\n<td><span style=\"font-size: xx-small;\">4<\/span><\/td>\n<td><span style=\"font-size: xx-small;\">13<\/span><\/td>\n<td><span style=\"font-size: xx-small;\">23<\/span><\/td>\n<td><span style=\"font-size: xx-small;\">42:46<\/span><\/td>\n<\/tr>\n<tr>\n<td><span style=\"font-size: xx-small;\">9.<\/span><\/td>\n<td><span style=\"font-size: xx-small;\">Synpo Pardubice<\/span><\/td>\n<td><span style=\"font-size: xx-small;\">11<\/span><\/td>\n<td><span style=\"font-size: xx-small;\">2<\/span><\/td>\n<td><span style=\"font-size: xx-small;\">5<\/span><\/td>\n<td><span style=\"font-size: xx-small;\">4<\/span><\/td>\n<td><span style=\"font-size: xx-small;\">11<\/span><\/td>\n<td><span style=\"font-size: xx-small;\">25<\/span><\/td>\n<td><span style=\"font-size: xx-small;\">43.5:44.5<\/span><\/td>\n<\/tr>\n<tr>\n<td><span style=\"font-size: xx-small;\">10.<\/span><\/td>\n<td><span style=\"font-size: xx-small;\">CHS Chot\u011bbo\u0159<\/span><\/td>\n<td><span style=\"font-size: xx-small;\">11<\/span><\/td>\n<td><span style=\"font-size: xx-small;\">3<\/span><\/td>\n<td><span style=\"font-size: xx-small;\">2<\/span><\/td>\n<td><span style=\"font-size: xx-small;\">6<\/span><\/td>\n<td><span style=\"font-size: xx-small;\">11<\/span><\/td>\n<td><span style=\"font-size: xx-small;\">21<\/span><\/td>\n<td><span style=\"font-size: xx-small;\">37.5:50.5<\/span><\/td>\n<\/tr>\n<tr>\n<td><span style=\"font-size: xx-small;\">11.<\/span><\/td>\n<td><span style=\"font-size: xx-small;\">TJ \u0160O a DDM Chrudim B<\/span><\/td>\n<td><span style=\"font-size: xx-small;\">11<\/span><\/td>\n<td><span style=\"font-size: xx-small;\">2<\/span><\/td>\n<td><span style=\"font-size: xx-small;\">3<\/span><\/td>\n<td><span style=\"font-size: xx-small;\">6<\/span><\/td>\n<td><span style=\"font-size: xx-small;\">9<\/span><\/td>\n<td><span style=\"font-size: xx-small;\">23<\/span><\/td>\n<td><span style=\"font-size: xx-small;\">36.5:51.5<\/span><\/td>\n<\/tr>\n<tr>\n<td><span style=\"font-size: xx-small;\"><strong>12.<\/strong><\/span><\/td>\n<td><span style=\"font-size: xx-small;\"><strong>SK + Sokol \u017damberk<\/strong><\/span><\/td>\n<td><span style=\"font-size: xx-small;\"><strong>11<\/strong><\/span><\/td>\n<td><span style=\"font-size: xx-small;\">0<\/span><\/td>\n<td><span style=\"font-size: xx-small;\">4<\/span><\/td>\n<td><span style=\"font-size: xx-small;\">7<\/span><\/td>\n<td><span style=\"font-size: xx-small;\">4<\/span><\/td>\n<td><span style=\"font-size: xx-small;\">15<\/span><\/td>\n<td><span style=\"font-size: xx-small;\">35.5:51.5<\/span><\/td>\n<\/tr>\n<\/tbody>\n<\/table>\n<h4 style=\"margin-bottom: 0.4cm;\">Zpravodaje<\/h4>\n<h4>Soupiska<\/h4>\n<h5 style=\"text-align: center;\">TJ Jiskra \u00dast\u00ed nad Orlic\u00ed A<\/h5>\n<table border=\"0\" align=\"center\">\n<tbody>\n<tr style=\"background-color: #f6f4ac;\">\n<td><span style=\"font-size: xx-small;\"><strong>Po\u0159ad\u00ed<\/strong><\/span><\/td>\n<td><span style=\"font-size: xx-small;\"><strong>Hr\u00e1\u010d<\/strong><\/span><\/td>\n<td><span style=\"font-size: xx-small;\"><strong>Elo<\/strong><\/span><\/td>\n<td><span style=\"font-size: xx-small;\"><strong>Narozen<\/strong><\/span><\/td>\n<td><\/td>\n<\/tr>\n<tr>\n<td><span style=\"font-size: xx-small;\">1.<\/span><\/td>\n<td><span style=\"font-size: xx-small;\">Chl\u00e1dek V\u00e1clav<br \/>\n<\/span><\/td>\n<td><span style=\"font-size: xx-small;\">2109F<br \/>\n<\/span><\/td>\n<td><span style=\"font-size: xx-small;\">04.12.54<br \/>\n<\/span><\/td>\n<td><span style=\"font-size: xx-small;\">H<\/span><\/td>\n<\/tr>\n<tr>\n<td><span style=\"font-size: xx-small;\">2.<\/span><\/td>\n<td><span style=\"font-size: xx-small;\">Volf Jaroslav<br \/>\n<\/span><\/td>\n<td><span style=\"font-size: xx-small;\">2162F<br \/>\n<\/span><\/td>\n<td><span style=\"font-size: xx-small;\">26.06.44<br \/>\n<\/span><\/td>\n<td><\/td>\n<\/tr>\n<tr>\n<td><span style=\"font-size: xx-small;\">3.<\/span><\/td>\n<td><span style=\"font-size: xx-small;\">Zeinert Michal<br \/>\n<\/span><\/td>\n<td><span style=\"font-size: xx-small;\">2126F<br \/>\n<\/span><\/td>\n<td><span style=\"font-size: xx-small;\">16.09.89<br \/>\n<\/span><\/td>\n<td><span style=\"font-size: xx-small;\">H<\/span><\/td>\n<\/tr>\n<tr>\n<td><span style=\"font-size: xx-small;\">4.<\/span><\/td>\n<td><span style=\"font-size: xx-small;\">Pe\u010dinka Martin<br \/>\n<\/span><\/td>\n<td><span style=\"font-size: xx-small;\">2072F<br \/>\n<\/span><\/td>\n<td><span style=\"font-size: xx-small;\">16.09.90<br \/>\n<\/span><\/td>\n<td><\/td>\n<\/tr>\n<tr>\n<td><span style=\"font-size: xx-small;\">5.<\/span><\/td>\n<td><span style=\"font-size: xx-small;\">\u0160majzr Martin<br \/>\n<\/span><\/td>\n<td><span style=\"font-size: xx-small;\">2147F<br \/>\n<\/span><\/td>\n<td><span style=\"font-size: xx-small;\">06.03.70<br \/>\n<\/span><\/td>\n<td>K<\/td>\n<\/tr>\n<tr>\n<td><span style=\"font-size: xx-small;\">6.<\/span><\/td>\n<td><span style=\"font-size: xx-small;\">Hol\u00e1sek Pavel<br \/>\n<\/span><\/td>\n<td><span style=\"font-size: xx-small;\">2100F<br \/>\n<\/span><\/td>\n<td><span style=\"font-size: xx-small;\">11.07.72<br \/>\n<\/span><\/td>\n<td><\/td>\n<\/tr>\n<tr>\n<td><span style=\"font-size: xx-small;\">7.<\/span><\/td>\n<td><span style=\"font-size: xx-small;\">Mare\u0161 Petr<br \/>\n<\/span><\/td>\n<td><span style=\"font-size: xx-small;\">2122F<br \/>\n<\/span><\/td>\n<td><span style=\"font-size: xx-small;\">25.12.55<br \/>\n<\/span><\/td>\n<td><span style=\"font-size: xx-small;\">ZK<\/span><\/td>\n<\/tr>\n<tr>\n<td><span style=\"font-size: xx-small;\">8.<\/span><\/td>\n<td><span style=\"font-size: xx-small;\">Poslu\u0161n\u00fd Martin<br \/>\n<\/span><\/td>\n<td><span style=\"font-size: xx-small;\">1985F<br \/>\n<\/span><\/td>\n<td><span style=\"font-size: xx-small;\">22.12.75<br \/>\n<\/span><\/td>\n<td><\/td>\n<\/tr>\n<tr>\n<td><span style=\"font-size: xx-small;\">9.<\/span><\/td>\n<td><span style=\"font-size: xx-small;\">Pokorn\u00fd Jan<br \/>\n<\/span><\/td>\n<td><span style=\"font-size: xx-small;\">1951<br \/>\n<\/span><\/td>\n<td><span style=\"font-size: xx-small;\">27.01.87<br \/>\n<\/span><\/td>\n<td><\/td>\n<\/tr>\n<tr>\n<td><span style=\"font-size: xx-small;\">10.<\/span><\/td>\n<td><span style=\"font-size: xx-small;\">Bla\u0161ko \u0160t\u011bp\u00e1n<br \/>\n<\/span><\/td>\n<td><span style=\"font-size: xx-small;\">1924F<br \/>\n<\/span><\/td>\n<td><span style=\"font-size: xx-small;\">22.06.87<br \/>\n<\/span><\/td>\n<td><\/td>\n<\/tr>\n<tr>\n<td><span style=\"font-size: xx-small;\">11.<\/span><\/td>\n<td><span style=\"font-size: xx-small;\">Smola Jan<br \/>\n<\/span><\/td>\n<td><span style=\"font-size: xx-small;\">1880<br \/>\n<\/span><\/td>\n<td><span style=\"font-size: xx-small;\">17.07.53<br \/>\n<\/span><\/td>\n<td><\/td>\n<\/tr>\n<tr>\n<td><span style=\"font-size: xx-small;\">12.<\/span><\/td>\n<td><span style=\"font-size: xx-small;\">Vencl Ji\u0159\u00ed<br \/>\n<\/span><\/td>\n<td><span style=\"font-size: xx-small;\">1775<br \/>\n<\/span><\/td>\n<td><span style=\"font-size: xx-small;\">15.03.62<br \/>\n<\/span><\/td>\n<td><\/td>\n<\/tr>\n<tr>\n<td><span style=\"font-size: xx-small;\">13.<\/span><\/td>\n<td><span style=\"font-size: xx-small;\">Mare\u0161 Jan<br \/>\n<\/span><\/td>\n<td><span style=\"font-size: xx-small;\">1780F<br \/>\n<\/span><\/td>\n<td><span style=\"font-size: xx-small;\">13.10.94<br \/>\n<\/span><\/td>\n<td><\/td>\n<\/tr>\n<tr>\n<td><span style=\"font-size: xx-small;\">14.<\/span><\/td>\n<td><span style=\"font-size: xx-small;\">Mare\u0161 Petr<br \/>\n<\/span><\/td>\n<td><span style=\"font-size: xx-small;\">1692<br \/>\n<\/span><\/td>\n<td><span style=\"font-size: xx-small;\">27.07.83<br \/>\n<\/span><\/td>\n<td><\/td>\n<\/tr>\n<tr>\n<td><span style=\"font-size: xx-small;\">15.<\/span><\/td>\n<td><span style=\"font-size: xx-small;\">Glembek Bohum\u00edr<br \/>\n<\/span><\/td>\n<td><span style=\"font-size: xx-small;\">1722<br \/>\n<\/span><\/td>\n<td><span style=\"font-size: xx-small;\">03.08.41<br \/>\n<\/span><\/td>\n<td><\/td>\n<\/tr>\n<tr>\n<td><\/td>\n<td><span style=\"font-size: xx-small;\">Pr\u016fm\u011br 10 \u0161achovnic<\/span><\/td>\n<td><span style=\"font-size: xx-small;\">2070<\/span><\/td>\n<td><span style=\"font-size: xx-small;\">V\u011bk 36<\/span><\/td>\n<td><\/td>\n<\/tr>\n<\/tbody>\n<\/table>\n<p><strong>Kapit\u00e1n:<\/strong><\/p>\n<p style=\"margin-bottom: 0cm;\">\u0160majzr Martin, Ing., Poln\u00ed 1339, \u00dast\u00ed n. Orl. 6, 56206<\/p>\n<p style=\"margin-bottom: 0.4cm;\">tb. 468009027, tel. 605158028, smajzr@email.cz<\/p>\n<p><strong>Z\u00e1stupce kapit\u00e1na:<\/strong><\/p>\n<p style=\"margin-bottom: 0cm;\">Mare\u0161 Petr, Ing., Sokolsk\u00e1 143, \u00dast\u00ed n. Orl. 4, 56204<\/p>\n<p style=\"margin-bottom: 0.4cm;\">tel. 736481195, petrmares@ktuo.cz<\/p>\n<p><strong>Hrac\u00ed m\u00edstnost:<\/strong><\/p>\n<p>Salonek pivnice U SKOBY, Letohradsk\u00e1 ul., \u00dast\u00ed nad Orlic\u00ed<\/p>\n","protected":false},"excerpt":{"rendered":"<p>Dru\u017estvo A hraje v KP I s c\u00edlem postupu do vy\u0161\u0161\u00ed sout\u011b\u017ee. Kone\u010dn\u00e9 v\u00fdsledky ale ukazuj\u00ed, \u017ee se to nepoda\u0159ilo a na\u0161e \u00c1\u010dko skon\u010dilo p\u00e1t\u00e9. Kone\u010dn\u00fd stav Po\u0159ad\u00ed Dru\u017estvo Z\u00e1pas\u016f V R P Body Po\u010d. v\u00fdher Skor\u00e9 1. TJ Jiskra Litomy\u0161l 11 8 0 3 24 35 51:37 2. TJ Lan\u0161kroun 11 6 3 2 [&hellip;]<\/p>\n","protected":false},"author":7,"featured_media":0,"parent":4212,"menu_order":20,"comment_status":"open","ping_status":"closed","template":"","meta":{"ngg_post_thumbnail":0,"footnotes":"","_links_to":"","_links_to_target":""},"class_list":["post-12","page","type-page","status-publish","hentry"],"_links":{"self":[{"href":"https:\/\/www.sachyuo.cz\/index.php?rest_route=\/wp\/v2\/pages\/12","targetHints":{"allow":["GET"]}}],"collection":[{"href":"https:\/\/www.sachyuo.cz\/index.php?rest_route=\/wp\/v2\/pages"}],"about":[{"href":"https:\/\/www.sachyuo.cz\/index.php?rest_route=\/wp\/v2\/types\/page"}],"author":[{"embeddable":true,"href":"https:\/\/www.sachyuo.cz\/index.php?rest_route=\/wp\/v2\/users\/7"}],"replies":[{"embeddable":true,"href":"https:\/\/www.sachyuo.cz\/index.php?rest_route=%2Fwp%2Fv2%2Fcomments&post=12"}],"version-history":[{"count":18,"href":"https:\/\/www.sachyuo.cz\/index.php?rest_route=\/wp\/v2\/pages\/12\/revisions"}],"predecessor-version":[{"id":8239,"href":"https:\/\/www.sachyuo.cz\/index.php?rest_route=\/wp\/v2\/pages\/12\/revisions\/8239"}],"up":[{"embeddable":true,"href":"https:\/\/www.sachyuo.cz\/index.php?rest_route=\/wp\/v2\/pages\/4212"}],"wp:attachment":[{"href":"https:\/\/www.sachyuo.cz\/index.php?rest_route=%2Fwp%2Fv2%2Fmedia&parent=12"}],"curies":[{"name":"wp","href":"https:\/\/api.w.org\/{rel}","templated":true}]}}