{"id":1630,"date":"2010-10-09T12:16:59","date_gmt":"2010-10-09T11:16:59","guid":{"rendered":"http:\/\/www.sachyuo.cz\/?page_id=1630"},"modified":"2020-01-16T10:27:09","modified_gmt":"2020-01-16T09:27:09","slug":"oddilak-20102011","status":"publish","type":"page","link":"https:\/\/www.sachyuo.cz\/?page_id=1630","title":{"rendered":"Odd\u00edl\u00e1k &#8211; 2010\/11"},"content":{"rendered":"<h4>V\u00fdsledky<\/h4>\n<table border=\"1\" cellpadding=\"0\">\n<tbody>\n<tr>\n<td><strong>Los<br \/>\n<\/strong><\/td>\n<td><strong>Jm\u00e9no<\/strong><\/td>\n<td><strong>ELO<\/strong><\/td>\n<td><strong>1<\/strong><\/td>\n<td><strong>2<\/strong><\/td>\n<td><strong>3<\/strong><\/td>\n<td><strong>4<\/strong><\/td>\n<td><strong>5<\/strong><\/td>\n<td><strong>6<\/strong><\/td>\n<td><strong>7<\/strong><\/td>\n<td><strong>8<\/strong><\/td>\n<td><strong>9<\/strong><\/td>\n<td><strong>10<\/strong><\/td>\n<td><strong>Body<\/strong><\/td>\n<td><strong>Sk\u00f3re<\/strong><\/td>\n<td><strong>Po\u0159.<\/strong><\/td>\n<\/tr>\n<tr>\n<td>1<\/td>\n<td>J\u00e1ni\u0161 Petr<\/td>\n<td>1659<\/td>\n<td><\/td>\n<td>0<\/td>\n<td>R<\/td>\n<td>1<\/td>\n<td>1<\/td>\n<td>1<\/td>\n<td>1k<\/td>\n<td>1<\/td>\n<td>R<\/td>\n<td>1<\/td>\n<td>7<\/td>\n<td><\/td>\n<td>2.<\/td>\n<\/tr>\n<tr>\n<td>2<\/td>\n<td>Hol\u00e1sek Pavel<\/td>\n<td>2112<\/td>\n<td>1<\/td>\n<td><\/td>\n<td>1<\/td>\n<td>1<\/td>\n<td>1<\/td>\n<td>1<\/td>\n<td>1k<\/td>\n<td>0<\/td>\n<td>1<\/td>\n<td>1<\/td>\n<td>8<\/td>\n<td><\/td>\n<td>1.<\/td>\n<\/tr>\n<tr>\n<td>3<\/td>\n<td>Kylar Pavel<\/td>\n<td>1898<\/td>\n<td>R<\/td>\n<td>0<\/td>\n<td><\/td>\n<td>R<\/td>\n<td>1<\/td>\n<td>1<\/td>\n<td>1k<\/td>\n<td>R<\/td>\n<td>1<\/td>\n<td>0<\/td>\n<td>5,5<\/td>\n<td><\/td>\n<td>4.<\/td>\n<\/tr>\n<tr>\n<td>4<\/td>\n<td>Kodytek Tom\u00e1\u0161<\/td>\n<td>1540<\/td>\n<td>0<\/td>\n<td>0<\/td>\n<td>R<\/td>\n<td><\/td>\n<td>R<\/td>\n<td>1<\/td>\n<td>1k<\/td>\n<td>0<\/td>\n<td>1<\/td>\n<td>R<\/td>\n<td>4,5<\/td>\n<td><\/td>\n<td>6.<\/td>\n<\/tr>\n<tr>\n<td>5<\/td>\n<td>Driemer Jaroslav<\/td>\n<td>1545<\/td>\n<td>0<\/td>\n<td>0<\/td>\n<td>0<\/td>\n<td>R<\/td>\n<td><\/td>\n<td>1<\/td>\n<td>1<\/td>\n<td>0<\/td>\n<td>0<\/td>\n<td>1<\/td>\n<td>3,5<\/td>\n<td><\/td>\n<td>8.<\/td>\n<\/tr>\n<tr>\n<td>6<\/td>\n<td>Hol\u00e1sek Vojt\u011bch<\/td>\n<td>1250<\/td>\n<td>0<\/td>\n<td>0<\/td>\n<td>0<\/td>\n<td>0<\/td>\n<td>0<\/td>\n<td><\/td>\n<td>1k<\/td>\n<td>0<\/td>\n<td>0<\/td>\n<td>R<\/td>\n<td>1,5<\/td>\n<td><\/td>\n<td>9.<\/td>\n<\/tr>\n<tr>\n<td>7<\/td>\n<td>V\u00edglask\u00fd Jaroslav<\/td>\n<td>1346<\/td>\n<td>0k<\/td>\n<td>0k<\/td>\n<td>0k<\/td>\n<td>0k<\/td>\n<td>0<\/td>\n<td>0k<\/td>\n<td><\/td>\n<td>0k<\/td>\n<td>0k<\/td>\n<td>0k<\/td>\n<td>0<\/td>\n<td><\/td>\n<td>10.<\/td>\n<\/tr>\n<tr>\n<td>8<\/td>\n<td>Mina\u0159\u00edk Lubom\u00edr<\/td>\n<td>1686<\/td>\n<td>0<\/td>\n<td>1<\/td>\n<td>R<\/td>\n<td>1<\/td>\n<td>1<\/td>\n<td>1<\/td>\n<td>1k<\/td>\n<td><\/td>\n<td>1<\/td>\n<td>0<\/td>\n<td>6,5<\/td>\n<td><\/td>\n<td>3.<\/td>\n<\/tr>\n<tr>\n<td>9<\/td>\n<td>Kapoun V\u00edt<\/td>\n<td>1618<\/td>\n<td>R<\/td>\n<td>0<\/td>\n<td>0<\/td>\n<td>0<\/td>\n<td>1<\/td>\n<td>1<\/td>\n<td>1k<\/td>\n<td>0<\/td>\n<td><\/td>\n<td>R<\/td>\n<td>4<\/td>\n<td><\/td>\n<td>7.<\/td>\n<\/tr>\n<tr>\n<td>10<\/td>\n<td>John Petr<\/td>\n<td>1532<\/td>\n<td>0<\/td>\n<td>0<\/td>\n<td>1<\/td>\n<td>R<\/td>\n<td>0<\/td>\n<td>R<\/td>\n<td>1k<\/td>\n<td>1<\/td>\n<td>R<\/td>\n<td><\/td>\n<td>4,5<\/td>\n<td><\/td>\n<td>5.<\/td>\n<\/tr>\n<\/tbody>\n<\/table>\n<p><strong> <\/strong><\/p>\n<h5><strong>Za\u010d\u00e1tky  v 17:00 <\/strong><strong><br \/>\nHraje se FIDE tempem 90 min. na  partii + 30 s  za ka\u017ed\u00fd tah<br \/>\n\u010cekac\u00ed  doba: 30 minut<\/strong><\/h5>\n<h5><strong>Hrac\u00ed  komise: Kylar \u2013 p\u0159edseda, Hol\u00e1sek, Kodytek<\/strong><br \/>\n<strong>Pr\u016fm\u011brn\u00e9  ELO  turnaje: 1619<\/strong><\/h5>\n<h4>Rozlosov\u00e1n\u00ed<\/h4>\n<p><strong> 1.kolo\u00a0\u00a0 \u00a0\u00a0 14. 10. 2010<\/strong><\/p>\n<p>J\u00e1ni\u0161 Petr\u00a0 \u2013\u00a0 John Petr<br \/>\nHol\u00e1sek Pavel\u00a0 \u2013\u00a0 Kapoun V\u00edt<br \/>\nKylar Pavel\u00a0 \u2013\u00a0 Mina\u0159\u00edk Lubom\u00edr<br \/>\nKodytek Tom\u00e1\u0161\u00a0 \u2013\u00a0 V\u00edglask\u00fd Jaroslav<br \/>\nDriemer Jaroslav\u00a0 \u2013\u00a0 Hol\u00e1sek Vojt\u011bch<\/p>\n<p><strong> 2. kolo\u00a0\u00a0 \u00a0\u00a0 21. 10. 2010<\/strong><\/p>\n<p>John Petr\u00a0 \u2013\u00a0 Hol\u00e1sek Vojt\u011bch<br \/>\nV\u00edglask\u00fd Jaroslav\u00a0 \u2013\u00a0 Driemer Jaroslav<br \/>\nMina\u0159\u00edk Lubom\u00edr\u00a0 \u2013\u00a0 Kodytek Tom\u00e1\u0161<br \/>\nKapoun V\u00edt\u00a0 \u2013\u00a0 Kylar Pavel<br \/>\nJ\u00e1ni\u0161 Petr\u00a0 \u2013\u00a0 Hol\u00e1sek Pavel<\/p>\n<p><strong> 3. kolo\u00a0\u00a0 \u00a0\u00a0 11. 11. 2010<\/strong><\/p>\n<p>Hol\u00e1sek Pavel\u00a0 \u2013\u00a0 John Petr<br \/>\nKylar Pavel\u00a0 \u2013\u00a0 J\u00e1ni\u0161 Petr<br \/>\nKodytek Tom\u00e1\u0161\u00a0 \u2013\u00a0 Kapoun V\u00edt<br \/>\nDriemer Jaroslav\u00a0 \u2013\u00a0 Mina\u0159\u00edk Lubom\u00edr<br \/>\nHol\u00e1sek Vojt\u011bch\u00a0 \u2013\u00a0 V\u00edglask\u00fd Jaroslav<\/p>\n<p><strong> 4. kolo\u00a0\u00a0 \u00a0\u00a0 25. 11. 2010<\/strong><\/p>\n<p>John Petr\u00a0 \u2013\u00a0 V\u00edglask\u00fd Jaroslav<br \/>\nMina\u0159\u00edk Lubom\u00edr\u00a0 \u2013\u00a0 Hol\u00e1sek Vojt\u011bch<br \/>\nKapoun V\u00edt\u00a0 \u2013\u00a0 Driemer Jaroslav<br \/>\nJ\u00e1ni\u0161 Petr\u00a0 \u2013\u00a0 Kodytek Tom\u00e1\u0161<br \/>\nHol\u00e1sek Pavel\u00a0 \u2013\u00a0 Kylar Pavel<\/p>\n<p><strong> 5. kolo\u00a0\u00a0 \u00a0\u00a0 9. 12. 2010<\/strong><\/p>\n<p>Kylar Pavel\u00a0 \u2013\u00a0 John Petr<br \/>\nKodytek Tom\u00e1\u0161\u00a0 \u2013\u00a0 Hol\u00e1sek Pavel<br \/>\nDriemer Jaroslav\u00a0 \u2013\u00a0 J\u00e1ni\u0161 Petr<br \/>\nHol\u00e1sek Vojt\u011bch\u00a0 \u2013\u00a0 Kapoun V\u00edt<br \/>\nV\u00edglask\u00fd Jaroslav\u00a0 \u2013\u00a0 Mina\u0159\u00edk Lubom\u00edr<\/p>\n<p><strong> <\/strong><\/p>\n<p><strong>6. kolo \u00a0\u00a0 \u00a0\u00a0 13. 1. 2011<\/strong><\/p>\n<p>John Petr\u00a0 \u2013\u00a0 Mina\u0159\u00edk Lubom\u00edr<br \/>\nKapoun V\u00edt\u00a0 \u2013\u00a0 V\u00edglask\u00fd Jaroslav<br \/>\nJ\u00e1ni\u0161 Petr\u00a0 \u2013\u00a0 Hol\u00e1sek Vojt\u011bch<br \/>\nHol\u00e1sek Pavel\u00a0 \u2013\u00a0 Driemer Jaroslav<br \/>\nKylar Pavel\u00a0 \u2013\u00a0 Kodytek Tom\u00e1\u0161<\/p>\n<p><strong> 7. kolo\u00a0\u00a0 \u00a0\u00a0 27. 1. 2011<\/strong><\/p>\n<p>Kodytek Tom\u00e1\u0161\u00a0 \u2013\u00a0 John Petr<br \/>\nDriemer Jaroslav\u00a0 \u2013\u00a0 Kylar Pavel<br \/>\nHol\u00e1sek Vojt\u011bch\u00a0 \u2013\u00a0 Hol\u00e1sek Pavel<br \/>\nV\u00edglask\u00fd Jaroslav\u00a0 \u2013\u00a0 J\u00e1ni\u0161 Petr<br \/>\nMina\u0159\u00edk Lubom\u00edr\u00a0 \u2013\u00a0 Kapoun V\u00edt<\/p>\n<p><strong> 8. kolo\u00a0\u00a0 \u00a0\u00a0 10. 2. 2011<\/strong><\/p>\n<p>John Petr\u00a0 \u2013\u00a0 Kapoun V\u00edt<br \/>\nJ\u00e1ni\u0161 Petr\u00a0 \u2013\u00a0 Mina\u0159\u00edk Lubom\u00edr<br \/>\nHol\u00e1sek Pavel\u00a0 \u2013\u00a0 V\u00edglask\u00fd Jaroslav<br \/>\nKylar Pavel\u00a0 \u2013\u00a0 Hol\u00e1sek Vojt\u011bch<br \/>\nKodytek Tom\u00e1\u0161\u00a0 \u2013\u00a0 Driemer Jaroslav<\/p>\n<p><strong> 9. kolo\u00a0\u00a0 \u00a0\u00a0 24. 2. 2011<\/strong><\/p>\n<p>Driemer Jaroslav\u00a0 \u2013\u00a0 John Petr<br \/>\nHol\u00e1sek Vojt\u011bch\u00a0 \u2013\u00a0 Kodytek Tom\u00e1\u0161<br \/>\nV\u00edglask\u00fd Jaroslav\u00a0 \u2013\u00a0 Kylar Pavel<br \/>\nMina\u0159\u00edk Lubom\u00edr\u00a0 \u2013\u00a0 Hol\u00e1sek Pavel<br \/>\nKapoun V\u00edt\u00a0 \u2013\u00a0 J\u00e1ni\u0161 Petr<\/p>\n","protected":false},"excerpt":{"rendered":"<p>V\u00fdsledky Los Jm\u00e9no ELO 1 2 3 4 5 6 7 8 9 10 Body Sk\u00f3re Po\u0159. 1 J\u00e1ni\u0161 Petr 1659 0 R 1 1 1 1k 1 R 1 7 2. 2 Hol\u00e1sek Pavel 2112 1 1 1 1 1 1k 0 1 1 8 1. 3 Kylar Pavel 1898 R 0 R 1 [&hellip;]<\/p>\n","protected":false},"author":11,"featured_media":0,"parent":178,"menu_order":18,"comment_status":"open","ping_status":"closed","template":"","meta":{"ngg_post_thumbnail":0,"footnotes":"","_links_to":"","_links_to_target":""},"class_list":["post-1630","page","type-page","status-publish","hentry"],"_links":{"self":[{"href":"https:\/\/www.sachyuo.cz\/index.php?rest_route=\/wp\/v2\/pages\/1630","targetHints":{"allow":["GET"]}}],"collection":[{"href":"https:\/\/www.sachyuo.cz\/index.php?rest_route=\/wp\/v2\/pages"}],"about":[{"href":"https:\/\/www.sachyuo.cz\/index.php?rest_route=\/wp\/v2\/types\/page"}],"author":[{"embeddable":true,"href":"https:\/\/www.sachyuo.cz\/index.php?rest_route=\/wp\/v2\/users\/11"}],"replies":[{"embeddable":true,"href":"https:\/\/www.sachyuo.cz\/index.php?rest_route=%2Fwp%2Fv2%2Fcomments&post=1630"}],"version-history":[{"count":19,"href":"https:\/\/www.sachyuo.cz\/index.php?rest_route=\/wp\/v2\/pages\/1630\/revisions"}],"predecessor-version":[{"id":18251,"href":"https:\/\/www.sachyuo.cz\/index.php?rest_route=\/wp\/v2\/pages\/1630\/revisions\/18251"}],"up":[{"embeddable":true,"href":"https:\/\/www.sachyuo.cz\/index.php?rest_route=\/wp\/v2\/pages\/178"}],"wp:attachment":[{"href":"https:\/\/www.sachyuo.cz\/index.php?rest_route=%2Fwp%2Fv2%2Fmedia&parent=1630"}],"curies":[{"name":"wp","href":"https:\/\/api.w.org\/{rel}","templated":true}]}}