{"id":175,"date":"2009-05-13T21:29:46","date_gmt":"2009-05-13T20:29:46","guid":{"rendered":"http:\/\/www.sachyuo.cz\/?page_id=175"},"modified":"2014-09-18T19:45:44","modified_gmt":"2014-09-18T18:45:44","slug":"mladez","status":"publish","type":"page","link":"https:\/\/www.sachyuo.cz\/?page_id=175","title":{"rendered":"\u0160achov\u00fd krou\u017eek"},"content":{"rendered":"<p><strong>Krou\u017eek DDM<\/strong><\/p>\n<p style=\"text-align: justify;\">Hrajeme od \u0159\u00edjna do kv\u011btna, \u010dtvrtek 15.30-17.00. Tren\u00e9\u0159i Pavel Hol\u00e1sek (pokro\u010dil\u00ed), Jan Pokorn\u00fd (za\u010d\u00e1te\u010dn\u00edci). Nov\u00e9 z\u00e1jemce v\u00edt\u00e1me.<\/p>\n<p style=\"text-align: justify;\">\u00da\u010dastn\u00edme se v\u0161ech mo\u017en\u00fdch turnaj\u016f ml\u00e1de\u017ee v kraji i v republice. Ka\u017edoro\u010dn\u011b m\u00e1me finalisty krajsk\u00e9ho p\u0159eboru jednotlivc\u016f, jezd\u00edme na Mistrovstv\u00ed \u010cech do 16 let (Martin Pe\u010dinka v roce 2005 sedm\u00fd), na &#8222;Zaje\u010dice&#8220; (M\u010cR \u0161esti\u010dlenn\u00fdch dru\u017estev, v roce 2009 20. m\u00edsto), gymn\u00e1zium je tradi\u010dn\u00edm \u00fa\u010dastn\u00edkem mistrovstv\u00ed republiky \u0161kol (4. m\u00edsto &#8222;velc\u00ed&#8220; v roce 2006, 5.m\u00edsto &#8222;mal\u00ed&#8220; v roce 2009).<\/p>\n<p style=\"text-align: justify;\">V b\u0159eznu nebo dubnu po\u0159\u00e1d\u00e1me tradi\u010dn\u00ed Orlickou \u0161achovnici (2009 V\u00edt Kapoun 2. m\u00edsto!).<\/p>\n","protected":false},"excerpt":{"rendered":"<p>Krou\u017eek DDM Hrajeme od \u0159\u00edjna do kv\u011btna, \u010dtvrtek 15.30-17.00. Tren\u00e9\u0159i Pavel Hol\u00e1sek (pokro\u010dil\u00ed), Jan Pokorn\u00fd (za\u010d\u00e1te\u010dn\u00edci). Nov\u00e9 z\u00e1jemce v\u00edt\u00e1me. \u00da\u010dastn\u00edme se v\u0161ech mo\u017en\u00fdch turnaj\u016f ml\u00e1de\u017ee v kraji i v republice. Ka\u017edoro\u010dn\u011b m\u00e1me finalisty krajsk\u00e9ho p\u0159eboru jednotlivc\u016f, jezd\u00edme na Mistrovstv\u00ed \u010cech do 16 let (Martin Pe\u010dinka v roce 2005 sedm\u00fd), na &#8222;Zaje\u010dice&#8220; (M\u010cR \u0161esti\u010dlenn\u00fdch dru\u017estev, v [&hellip;]<\/p>\n","protected":false},"author":7,"featured_media":0,"parent":4293,"menu_order":0,"comment_status":"open","ping_status":"closed","template":"","meta":{"ngg_post_thumbnail":0,"footnotes":"","_links_to":"","_links_to_target":""},"class_list":["post-175","page","type-page","status-publish","hentry"],"_links":{"self":[{"href":"https:\/\/www.sachyuo.cz\/index.php?rest_route=\/wp\/v2\/pages\/175","targetHints":{"allow":["GET"]}}],"collection":[{"href":"https:\/\/www.sachyuo.cz\/index.php?rest_route=\/wp\/v2\/pages"}],"about":[{"href":"https:\/\/www.sachyuo.cz\/index.php?rest_route=\/wp\/v2\/types\/page"}],"author":[{"embeddable":true,"href":"https:\/\/www.sachyuo.cz\/index.php?rest_route=\/wp\/v2\/users\/7"}],"replies":[{"embeddable":true,"href":"https:\/\/www.sachyuo.cz\/index.php?rest_route=%2Fwp%2Fv2%2Fcomments&post=175"}],"version-history":[{"count":16,"href":"https:\/\/www.sachyuo.cz\/index.php?rest_route=\/wp\/v2\/pages\/175\/revisions"}],"predecessor-version":[{"id":8128,"href":"https:\/\/www.sachyuo.cz\/index.php?rest_route=\/wp\/v2\/pages\/175\/revisions\/8128"}],"up":[{"embeddable":true,"href":"https:\/\/www.sachyuo.cz\/index.php?rest_route=\/wp\/v2\/pages\/4293"}],"wp:attachment":[{"href":"https:\/\/www.sachyuo.cz\/index.php?rest_route=%2Fwp%2Fv2%2Fmedia&parent=175"}],"curies":[{"name":"wp","href":"https:\/\/api.w.org\/{rel}","templated":true}]}}