{"id":18245,"date":"2020-01-16T10:15:49","date_gmt":"2020-01-16T09:15:49","guid":{"rendered":"http:\/\/www.sachyuo.cz\/?page_id=18245"},"modified":"2020-07-11T19:55:22","modified_gmt":"2020-07-11T18:55:22","slug":"oddilak-2018-19","status":"publish","type":"page","link":"https:\/\/www.sachyuo.cz\/?page_id=18245","title":{"rendered":"Odd\u00edl\u00e1k \u2013 2018\/19"},"content":{"rendered":"<p>se nehr\u00e1l z d\u016fvodu nedostupnosti st\u00e1l\u00e9 hrac\u00ed m\u00edstnosti<\/p>\n","protected":false},"excerpt":{"rendered":"<p>se nehr\u00e1l z d\u016fvodu nedostupnosti st\u00e1l\u00e9 hrac\u00ed m\u00edstnosti<\/p>\n","protected":false},"author":11,"featured_media":0,"parent":178,"menu_order":10,"comment_status":"closed","ping_status":"closed","template":"","meta":{"ngg_post_thumbnail":0,"footnotes":"","_links_to":"","_links_to_target":""},"class_list":["post-18245","page","type-page","status-publish","hentry"],"_links":{"self":[{"href":"https:\/\/www.sachyuo.cz\/index.php?rest_route=\/wp\/v2\/pages\/18245","targetHints":{"allow":["GET"]}}],"collection":[{"href":"https:\/\/www.sachyuo.cz\/index.php?rest_route=\/wp\/v2\/pages"}],"about":[{"href":"https:\/\/www.sachyuo.cz\/index.php?rest_route=\/wp\/v2\/types\/page"}],"author":[{"embeddable":true,"href":"https:\/\/www.sachyuo.cz\/index.php?rest_route=\/wp\/v2\/users\/11"}],"replies":[{"embeddable":true,"href":"https:\/\/www.sachyuo.cz\/index.php?rest_route=%2Fwp%2Fv2%2Fcomments&post=18245"}],"version-history":[{"count":3,"href":"https:\/\/www.sachyuo.cz\/index.php?rest_route=\/wp\/v2\/pages\/18245\/revisions"}],"predecessor-version":[{"id":19338,"href":"https:\/\/www.sachyuo.cz\/index.php?rest_route=\/wp\/v2\/pages\/18245\/revisions\/19338"}],"up":[{"embeddable":true,"href":"https:\/\/www.sachyuo.cz\/index.php?rest_route=\/wp\/v2\/pages\/178"}],"wp:attachment":[{"href":"https:\/\/www.sachyuo.cz\/index.php?rest_route=%2Fwp%2Fv2%2Fmedia&parent=18245"}],"curies":[{"name":"wp","href":"https:\/\/api.w.org\/{rel}","templated":true}]}}