{"id":2,"date":"2009-03-14T17:41:07","date_gmt":"2009-03-14T16:41:07","guid":{"rendered":"http:\/\/www.sachyuo.cz\/?page_id=2"},"modified":"2026-03-25T12:16:53","modified_gmt":"2026-03-25T11:16:53","slug":"o-webu","status":"publish","type":"page","link":"https:\/\/www.sachyuo.cz\/?page_id=2","title":{"rendered":"Kontakty"},"content":{"rendered":"<p><span style=\"text-decoration: underline;\">P\u0159edseda v\u00fdboru a organiza\u010dn\u00ed pracovn\u00edk \u0161achov\u00e9ho klubu:<\/span><\/p>\n<p>Ing. Martin \u0160majzr<br \/>\nPoln\u00ed 1339, 56206 \u00dast\u00ed nad Orlic\u00ed<\/p>\n<p>telefon: 605 158 028<\/p>\n<p>mail: <a href=\"mailto:smajzr@email.cz\">smajzr@email.cz<\/a><\/p>\n<p><span style=\"text-decoration: underline;\"><br \/>\nFaktura\u010dn\u00ed \u00fadaje:<\/span><\/p>\n<p>\u0160achov\u00fd klub \u00dast\u00ed nad Orlic\u00ed, z.s.<br \/>\nJana a Jos. Kov\u00e1\u0159\u016f 1101<br \/>\n56206 \u00dast\u00ed nad Orlic\u00ed 6<br \/>\nI\u010cO: 22890777<\/p>\n<p>\u010c\u00edslo \u00fa\u010dtu \u0160achov\u00e9ho klubu \u00dast\u00ed nad Orlic\u00ed, z.s.:<strong>&nbsp; 2100139295 \/ 2010<\/strong> (FIO banka)<a href=\"https:\/\/www.sachyuo.cz\/wp-content\/uploads\/2025\/10\/QRplatba.png\"><img loading=\"lazy\" decoding=\"async\" class=\"alignnone size-medium wp-image-32944\" src=\"https:\/\/www.sachyuo.cz\/wp-content\/uploads\/2025\/10\/QRplatba-300x300.png\" alt=\"\" width=\"300\" height=\"300\" srcset=\"https:\/\/www.sachyuo.cz\/wp-content\/uploads\/2025\/10\/QRplatba-300x300.png 300w, https:\/\/www.sachyuo.cz\/wp-content\/uploads\/2025\/10\/QRplatba-150x150.png 150w, https:\/\/www.sachyuo.cz\/wp-content\/uploads\/2025\/10\/QRplatba-120x120.png 120w, https:\/\/www.sachyuo.cz\/wp-content\/uploads\/2025\/10\/QRplatba.png 544w\" sizes=\"auto, (max-width: 300px) 100vw, 300px\" \/><\/a><\/p>\n<p>Datov\u00e1 schr\u00e1nka: <strong>kajwggu<\/strong><\/p>\n<p><a href=\"https:\/\/or.justice.cz\/ias\/ui\/vypis-sl-firma?subjektId=810313\" target=\"_blank\" rel=\"noopener noreferrer\">Odkaz do spolkov\u00e9ho rejst\u0159\u00edku<\/a>, kde je mo\u017en\u00e9 si st\u00e1hnout mj. stanovy klubu.<\/p>\n<p>&nbsp;<\/p>\n<p><span style=\"text-decoration: underline;\">Spr\u00e1vce \u0161achov\u00e9ho webu:<\/span><\/p>\n<p>Ing. Petr Mare\u0161 ml.<\/p>\n<p>mail: <a href=\"mailto:peta.mares@centrum.cz\">peta.mares@centrum.cz<\/a><\/p>\n","protected":false},"excerpt":{"rendered":"<p>P\u0159edseda v\u00fdboru a organiza\u010dn\u00ed pracovn\u00edk \u0161achov\u00e9ho klubu: Ing. Martin \u0160majzr Poln\u00ed 1339, 56206 \u00dast\u00ed nad Orlic\u00ed telefon: 605 158 028 mail: smajzr@email.cz Faktura\u010dn\u00ed \u00fadaje: \u0160achov\u00fd klub \u00dast\u00ed nad Orlic\u00ed, z.s. Jana a Jos. Kov\u00e1\u0159\u016f 1101 56206 \u00dast\u00ed nad Orlic\u00ed 6 I\u010cO: 22890777 \u010c\u00edslo \u00fa\u010dtu \u0160achov\u00e9ho klubu \u00dast\u00ed nad Orlic\u00ed, z.s.:&nbsp; 2100139295 \/ 2010 (FIO banka) [&hellip;]<\/p>\n","protected":false},"author":7,"featured_media":0,"parent":0,"menu_order":81,"comment_status":"closed","ping_status":"open","template":"","meta":{"ngg_post_thumbnail":0,"footnotes":"","_links_to":"","_links_to_target":""},"class_list":["post-2","page","type-page","status-publish","hentry"],"_links":{"self":[{"href":"https:\/\/www.sachyuo.cz\/index.php?rest_route=\/wp\/v2\/pages\/2","targetHints":{"allow":["GET"]}}],"collection":[{"href":"https:\/\/www.sachyuo.cz\/index.php?rest_route=\/wp\/v2\/pages"}],"about":[{"href":"https:\/\/www.sachyuo.cz\/index.php?rest_route=\/wp\/v2\/types\/page"}],"author":[{"embeddable":true,"href":"https:\/\/www.sachyuo.cz\/index.php?rest_route=\/wp\/v2\/users\/7"}],"replies":[{"embeddable":true,"href":"https:\/\/www.sachyuo.cz\/index.php?rest_route=%2Fwp%2Fv2%2Fcomments&post=2"}],"version-history":[{"count":15,"href":"https:\/\/www.sachyuo.cz\/index.php?rest_route=\/wp\/v2\/pages\/2\/revisions"}],"predecessor-version":[{"id":35414,"href":"https:\/\/www.sachyuo.cz\/index.php?rest_route=\/wp\/v2\/pages\/2\/revisions\/35414"}],"wp:attachment":[{"href":"https:\/\/www.sachyuo.cz\/index.php?rest_route=%2Fwp%2Fv2%2Fmedia&parent=2"}],"curies":[{"name":"wp","href":"https:\/\/api.w.org\/{rel}","templated":true}]}}