{"id":4247,"date":"2012-09-30T09:48:09","date_gmt":"2012-09-30T08:48:09","guid":{"rendered":"http:\/\/www.sachyuo.cz\/?page_id=4247"},"modified":"2025-05-17T14:14:29","modified_gmt":"2025-05-17T13:14:29","slug":"orlicka-sachovnice","status":"publish","type":"page","link":"https:\/\/www.sachyuo.cz\/?page_id=4247","title":{"rendered":"Orlick\u00e1 \u0161achovnice"},"content":{"rendered":"<p>Orlick\u00e1 \u0161achovnice je tradi\u010dn\u00ed turnaj ml\u00e1de\u017ee hran\u00fd od roku 1970. V sou\u010dasn\u00e9 dob\u011b se hraje i jako Krajsk\u00fd p\u0159ebor PD\u0160S do 8 let.<\/p>\n<h2>V\u00fdsledky<\/h2>\n<h3>2025<\/h3>\n<p>Report\u00e1\u017e: <a href=\"https:\/\/www.sachyuo.cz\/?p=31666\" target=\"_blank\" rel=\"noopener noreferrer\">Orlick\u00e1 \u0161achovnice 2025<\/a><\/p>\n<table class=\"table_hidden\" style=\"width: 99.881%; height: 170px;\">\n<thead>\n<tr style=\"height: 23px;\">\n<td style=\"width: 53.3333%; height: 23px;\"><a href=\"https:\/\/chess-results.com\/tnr1168822.aspx?lan=5&amp;art=1&amp;rd=9\" target=\"_blank\" rel=\"noopener noreferrer\">Po\u0159ad\u00ed<\/a><\/td>\n<td style=\"width: 45.7143%; height: 23px;\">Nejlep\u0161\u00ed z odd\u00edlu<\/td>\n<\/tr>\n<\/thead>\n<tbody>\n<tr style=\"height: 133px;\">\n<td style=\"width: 53.3333%; height: 133px;\">\n<ol>\n<li><strong>Seidl V\u00e1clav &#8211; 1554 &#8211; \u0160achov\u00fd spolek \u017delezn\u00e9 hory<\/strong><\/li>\n<li>M\u00e1lek Daniel &#8211; 1508 &#8211; \u0160achov\u00fd spolek \u017delezn\u00e9 hory<\/li>\n<li>Cimprich Luk\u00e1\u0161 &#8211; 1571 &#8211; \u0160achov\u00fd odd\u00edl Horn\u00ed \u010cermn\u00e1<\/li>\n<\/ol>\n<\/td>\n<td style=\"width: 45.7143%; height: 133px;\">\n<ol>\n<li><strong>Pokorn\u00fd Marian <\/strong><strong>&#8211; 1314 &#8211; 14. m\u00edsto<\/strong><\/li>\n<li>Dudlov\u00e1 Alexandra &#8211; 1323 &#8211; 23. m\u00edsto<\/li>\n<li>Skubi Jan &#8211; 1124 &#8211; 26. m\u00edsto<\/li>\n<\/ol>\n<\/td>\n<\/tr>\n<\/tbody>\n<\/table>\n<h3>2024<\/h3>\n<p>Report\u00e1\u017e: <a href=\"https:\/\/www.sachyuo.cz\/?p=27736\" target=\"_blank\" rel=\"noopener noreferrer\">Orlick\u00e1 \u0161achovnice 2024<\/a><\/p>\n<table class=\"table_hidden\" style=\"width: 99.881%; height: 155px;\">\n<thead>\n<tr style=\"height: 23px;\">\n<td style=\"width: 53.3333%; height: 22px;\"><a href=\"https:\/\/archive.chess-results.com\/tnr930527.aspx?lan=5&amp;art=1&amp;rd=9&amp;transfer=J\" target=\"_blank\" rel=\"noopener noreferrer\">Po\u0159ad\u00ed<\/a><\/td>\n<td style=\"width: 45.7143%; height: 22px;\">Nejlep\u0161\u00ed z odd\u00edlu<\/td>\n<\/tr>\n<\/thead>\n<tbody>\n<tr style=\"height: 133px;\">\n<td style=\"width: 53.3333%; height: 133px;\">\n<ol>\n<li><strong>Jun Rostislav &#8211; 1372 &#8211; TJ CHS Chot\u011bbo\u0159<\/strong><\/li>\n<li>\u0160orf Filip &#8211; 1390 &#8211; TJ \u017d\u010f\u00e1r nad S\u00e1zavou<\/li>\n<li>\u0160mehl\u00edk Vojt\u011bch &#8211; 1347 &#8211; TJ Slovan Moravsk\u00e1 T\u0159ebov\u00e1<\/li>\n<\/ol>\n<\/td>\n<td style=\"width: 45.7143%; height: 133px;\">\n<ol>\n<li><strong>Skubi Jan <\/strong><strong>&#8211; 0 &#8211; 31. m\u00edsto<\/strong><\/li>\n<li>Dudlov\u00e1 Alexandra &#8211; 1132 &#8211; 35. m\u00edsto<\/li>\n<li>Svato\u0161 Vojt\u011bch &#8211; 0 &#8211; 46. m\u00edsto<\/li>\n<\/ol>\n<\/td>\n<\/tr>\n<\/tbody>\n<\/table>\n<h3>2023<\/h3>\n<p>Report\u00e1\u017e: <a href=\"https:\/\/www.sachyuo.cz\/?p=24512\">Orlick\u00e1 \u0161achovnice 2023<\/a><\/p>\n<table class=\"table_hidden\" style=\"width: 99.881%; height: 170px;\">\n<thead>\n<tr style=\"height: 23px;\">\n<td style=\"width: 53.3333%; height: 23px;\"><a href=\"https:\/\/archive.chess-results.com\/tnr762256.aspx?lan=5&amp;art=1&amp;rd=9&amp;transfer=J\" target=\"_blank\" rel=\"noopener noreferrer\">Po\u0159ad\u00ed<\/a><\/td>\n<td style=\"width: 45.7143%; height: 23px;\">Nejlep\u0161\u00ed z odd\u00edlu<\/td>\n<\/tr>\n<\/thead>\n<tbody>\n<tr style=\"height: 133px;\">\n<td style=\"width: 53.3333%; height: 133px;\">\n<ol>\n<li><strong>Star\u00fd Vojt\u011bch &#8211; 1604 &#8211; 2222 \u0160K Polabiny<\/strong><\/li>\n<li>Cimprich Luk\u00e1\u0161 &#8211; 1365 &#8211; \u0160achov\u00fd odd\u00edl Horn\u00ed \u010cermn\u00e1<\/li>\n<li>\u0160mehl\u00edk Vojt\u011bch &#8211; 1369 &#8211; TJ Slovan Moravsk\u00e1 T\u0159ebov\u00e1<\/li>\n<\/ol>\n<\/td>\n<td style=\"width: 45.7143%; height: 133px;\">\n<ol>\n<li><strong>Pokorn\u00fd Marian <\/strong><strong>&#8211; 1031 &#8211; 24. m\u00edsto<\/strong><\/li>\n<li>Hol\u00e1sek Tom\u00e1\u0161 &#8211; 1189 &#8211; 27. m\u00edsto<\/li>\n<li>Dudlov\u00e1 Alexandra &#8211; 0 &#8211; 36. m\u00edsto<\/li>\n<\/ol>\n<\/td>\n<\/tr>\n<\/tbody>\n<\/table>\n<h3>2022<\/h3>\n<p>Report\u00e1\u017e: <a href=\"https:\/\/www.sachyuo.cz\/?p=21672\" target=\"_blank\" rel=\"noopener noreferrer\">Orlick\u00e1 v nov\u00e9m h\u00e1vu<\/a><\/p>\n<table class=\"table_hidden\" style=\"width: 99.881%; height: 170px;\">\n<thead>\n<tr style=\"height: 23px;\">\n<td style=\"width: 53.3333%; height: 23px;\"><a href=\"https:\/\/archive.chess-results.com\/tnr625823.aspx?lan=5&amp;art=1&amp;transfer=J\" target=\"_blank\" rel=\"noopener noreferrer\">Po\u0159ad\u00ed<\/a><\/td>\n<td style=\"width: 45.7143%; height: 23px;\">Nejlep\u0161\u00ed z odd\u00edlu<\/td>\n<\/tr>\n<\/thead>\n<tbody>\n<tr style=\"height: 133px;\">\n<td style=\"width: 53.3333%; height: 133px;\">\n<ol>\n<li><strong>B\u00e1ra Jan &#8211; 1597 &#8211; \u0160K Dopravn\u00ed podnik Praha<\/strong><\/li>\n<li>Shvachko Gleb &#8211; 1723<\/li>\n<li>Kobr Mat\u011bj &#8211; 1508 &#8211; Region Panda<\/li>\n<\/ol>\n<\/td>\n<td style=\"width: 45.7143%; height: 133px;\">\n<ol>\n<li><strong>Macan Tom\u00e1\u0161 <\/strong><strong>&#8211; 1275 &#8211; 27. m\u00edsto<\/strong><\/li>\n<li>R\u016f\u017ei\u010dka V\u00edt &#8211; 0 &#8211; 39. m\u00edsto<\/li>\n<li>Pokorn\u00fd Marian &#8211; 0 &#8211; 42. m\u00edsto<\/li>\n<\/ol>\n<\/td>\n<\/tr>\n<\/tbody>\n<\/table>\n<h3>2021<\/h3>\n<p>Report\u00e1\u017e: <a href=\"https:\/\/www.sachyuo.cz\/?p=20251\" target=\"_blank\" rel=\"noopener noreferrer\">Skromn\u00e1 jubilejn\u00ed Orlick\u00e1<\/a><\/p>\n<table class=\"table_hidden\" style=\"width: 99.881%; height: 170px;\">\n<thead>\n<tr style=\"height: 23px;\">\n<td style=\"width: 53.3333%; height: 23px;\"><a href=\"https:\/\/archive.chess-results.com\/tnr581131.aspx?lan=5&amp;art=1&amp;rd=9&amp;transfer=J\" target=\"_blank\" rel=\"noopener noreferrer\">Po\u0159ad\u00ed<\/a><\/td>\n<td style=\"width: 45.7143%; height: 23px;\">Nejlep\u0161\u00ed z odd\u00edlu<\/td>\n<\/tr>\n<\/thead>\n<tbody>\n<tr style=\"height: 133px;\">\n<td style=\"width: 53.3333%; height: 133px;\">\n<ol>\n<li><strong>Du\u0161\u00e1nek Michal &#8211; 1562 &#8211; Region Panda<\/strong><\/li>\n<li>Kobr Mat\u011bj &#8211; 1542 &#8211; Region Panda<\/li>\n<li>Fousek Petr &#8211; 1212 &#8211; TJ CHS Chot\u011bbo\u0159<\/li>\n<\/ol>\n<\/td>\n<td style=\"width: 45.7143%; height: 133px;\">\n<ol>\n<li><strong>Macan Tom\u00e1\u0161 <\/strong><strong>&#8211; 1240 &#8211; 17. m\u00edsto<\/strong><\/li>\n<li>R\u016f\u017ei\u010dka V\u00edt &#8211; 0 &#8211; 51. m\u00edsto<\/li>\n<li>Han\u00e1k David &#8211; 0 &#8211; 52. m\u00edsto<\/li>\n<\/ol>\n<\/td>\n<\/tr>\n<\/tbody>\n<\/table>\n<h3>2020<\/h3>\n<p>Turnaj zru\u0161en kv\u016fli pandemii<\/p>\n<h3>2019<\/h3>\n<p>Report\u00e1\u017e: <a href=\"https:\/\/www.sachyuo.cz\/?p=17393\" target=\"_blank\" rel=\"noopener noreferrer\">Orlick\u00e1 za n\u00e1mi<\/a><\/p>\n<table class=\"table_hidden\" style=\"width: 99.881%; height: 170px;\">\n<thead>\n<tr style=\"height: 23px;\">\n<td style=\"width: 53.3333%; height: 23px;\"><a href=\"http:\/\/chess-results.com\/tnr429189.aspx?lan=5&amp;art=1&amp;rd=9&amp;turdet=YES\" target=\"_blank\" rel=\"noopener noreferrer\">Po\u0159ad\u00ed<\/a><\/td>\n<td style=\"width: 45.7143%; height: 23px;\">Nejlep\u0161\u00ed z odd\u00edlu<\/td>\n<\/tr>\n<\/thead>\n<tbody>\n<tr style=\"height: 133px;\">\n<td style=\"width: 53.3333%; height: 133px;\">\n<ol>\n<li><strong>Jirou\u0161ek Jan &#8211; 1824 &#8211; 2222 \u0160K Polabiny<\/strong><\/li>\n<li>Bou\u0161ka Ji\u0159\u00ed &#8211; 1556 &#8211; \u0160O Hlinsko<\/li>\n<li>Jare\u0161 Michal &#8211; 1754 &#8211; 2222 \u0160K Polabiny<\/li>\n<\/ol>\n<\/td>\n<td style=\"width: 45.7143%; height: 133px;\">\n<ol>\n<li><strong>Kobr Mat\u011bj <\/strong><strong>&#8211; 1450 &#8211; 5. m\u00edsto<\/strong><\/li>\n<li>P\u00ed\u0161e Michal &#8211; 1545 &#8211; 8. m\u00edsto<\/li>\n<li>Tran Tuan Anh &#8211; 1335 &#8211; 24. m\u00edsto<\/li>\n<\/ol>\n<\/td>\n<\/tr>\n<\/tbody>\n<\/table>\n<h3>2018<\/h3>\n<p>Report\u00e1\u017e: <a href=\"https:\/\/www.sachyuo.cz\/?p=16280\" target=\"_blank\" rel=\"noopener noreferrer\">Orlick\u00e1 \u0161achovnice 2018<\/a><\/p>\n<table class=\"table_hidden\">\n<thead>\n<tr>\n<td><a href=\"http:\/\/chess-results.com\/tnr346094.aspx?lan=5&amp;art=1&amp;rd=9&amp;turdet=YES\" target=\"_blank\" rel=\"noopener noreferrer\">Po\u0159ad\u00ed<\/a><\/td>\n<td>Nejlep\u0161\u00ed z odd\u00edlu<\/td>\n<\/tr>\n<\/thead>\n<tbody>\n<tr>\n<td>\n<ol>\n<li><strong>Martyniuk Vladislav &#8211; 1695 &#8211; Region Panda<\/strong><\/li>\n<li>Zeman Daniel &#8211; 1643 &#8211; TJ \u0160tefanydes Poli\u010dka<\/li>\n<li>Jare\u0161 Michal &#8211; 1829 &#8211; 2222 \u0160K Polabiny<\/li>\n<\/ol>\n<\/td>\n<td>\n<ol>\n<li><strong>P\u00ed\u0161e Michal <\/strong><strong>&#8211; 1419 &#8211; 4. m\u00edsto<\/strong><\/li>\n<li>Leksov\u00e1 So\u0148a &#8211; 1454 &#8211; 6. m\u00edsto<\/li>\n<li>\u0160majzrov\u00e1 Dominika &#8211; 1118 &#8211; 26. m\u00edsto<\/li>\n<\/ol>\n<\/td>\n<\/tr>\n<\/tbody>\n<\/table>\n<h3>2017<\/h3>\n<p>Report\u00e1\u017e: <a href=\"https:\/\/www.sachyuo.cz\/?p=14363\" target=\"_blank\" rel=\"noopener noreferrer\">Orlick\u00e1 zase doma a hojn\u011b nav\u0161t\u00edven\u00e1<\/a><\/p>\n<table class=\"table_hidden\">\n<thead>\n<tr>\n<td><a href=\"http:\/\/chess-results.com\/tnr271002.aspx?lan=5&amp;art=1&amp;turdet=YES\" target=\"_blank\" rel=\"noopener noreferrer\">Po\u0159ad\u00ed<\/a><\/td>\n<td>Nejlep\u0161\u00ed z odd\u00edlu<\/td>\n<\/tr>\n<\/thead>\n<tbody>\n<tr>\n<td>\n<ol>\n<li><strong>Ludv\u00edk Tom\u00e1\u0161 &#8211; 1941 &#8211; 2222 \u0160K Polabiny<\/strong><\/li>\n<li>Jare\u0161 Michal &#8211; 1525 &#8211;&nbsp; \u0160S \u017delezn\u00e9 hory<\/li>\n<li>Ret Adam Josef &#8211; 1630 &#8211; 2222 \u0160K Polabiny<\/li>\n<\/ol>\n<\/td>\n<td>\n<ol>\n<li><strong>P\u00ed\u0161e Michal &#8211; 1456 &#8211; 7. m\u00edsto<\/strong><\/li>\n<li>Hol\u00e1skov\u00e1 Veronika &#8211; 1447 &#8211; 31. m\u00edsto<\/li>\n<li>Leksov\u00e1 So\u0148a &#8211; 1361 &#8211; 38. m\u00edsto<\/li>\n<\/ol>\n<\/td>\n<\/tr>\n<\/tbody>\n<\/table>\n<h3>2016<\/h3>\n<table class=\"table_hidden\">\n<thead>\n<tr>\n<td><a href=\"http:\/\/chess-results.com\/tnr212771.aspx?lan=5&amp;art=1&amp;rd=9&amp;turdet=YES\" target=\"_blank\" rel=\"noopener noreferrer\">Po\u0159ad\u00ed<\/a><\/td>\n<td>Nejlep\u0161\u00ed z odd\u00edlu<\/td>\n<\/tr>\n<\/thead>\n<tbody>\n<tr>\n<td>\n<ol>\n<li><strong>P\u016flp\u00e1n Mat\u011bj &#8211; 2041 &#8211; 2222 \u0160K Polabiny<\/strong><\/li>\n<li>Jun Rudolf &#8211; 1655 &#8211; TJ CHS Chot\u011bbo\u0159<\/li>\n<li>Hol\u00e1sek Vojt\u011bch &#8211; 1562 &#8211; \u0160K \u00dast\u00ed nad Orlic\u00ed<\/li>\n<\/ol>\n<\/td>\n<td>\n<ol>\n<li><strong>Hol\u00e1sek Vojt\u011bch &#8211; 1562 &#8211; 3. m\u00edsto<\/strong><\/li>\n<li>P\u00ed\u0161e Ji\u0159\u00ed &#8211; 1504 &#8211; 10. m\u00edsto<\/li>\n<li>\u0160majzrov\u00e1 Veronika &#8211; 1485 &#8211; 16. m\u00edsto<\/li>\n<\/ol>\n<\/td>\n<\/tr>\n<\/tbody>\n<\/table>\n<h3>&nbsp;<\/h3>\n<h3>2015<\/h3>\n<p>Report\u00e1\u017e: <a href=\"https:\/\/www.sachyuo.cz\/?p=9591\" target=\"_blank\" rel=\"noopener noreferrer\">Orlick\u00e1 se vyda\u0159ila<\/a><\/p>\n<table class=\"table_hidden\">\n<thead>\n<tr>\n<td><a href=\"http:\/\/chess-results.com\/tnr167062.aspx?lan=5&amp;art=1&amp;rd=9&amp;turdet=YES\" target=\"_blank\" rel=\"noopener noreferrer\">Po\u0159ad\u00ed<\/a><\/td>\n<td>Nejlep\u0161\u00ed z odd\u00edlu<\/td>\n<\/tr>\n<\/thead>\n<tbody>\n<tr>\n<td>\n<ol>\n<li><strong>\u0160vanda Ond\u0159ej &#8211; 1850 &#8211; TJ \u0160tefanydes Poli\u010dka<\/strong><\/li>\n<li>P\u016flp\u00e1n Mat\u011bj &#8211; 1779 &#8211; 2222 \u0160K Polabiny<\/li>\n<li>Kupsa Mat\u011bj &#8211; 1620 &#8211; TJ Lan\u0161kroun<\/li>\n<\/ol>\n<\/td>\n<td>\n<ol>\n<li><strong>P\u00ed\u0161e Ji\u0159\u00ed &#8211; 1498 &#8211; 4. m\u00edsto<\/strong><\/li>\n<li>Dudlov\u00e1 Kate\u0159ina &#8211; 1414 &#8211; 14. m\u00edsto<\/li>\n<li>\u0160majzrov\u00e1 Veronika &#8211; 1510 &#8211; 19. m\u00edsto<\/li>\n<\/ol>\n<\/td>\n<\/tr>\n<\/tbody>\n<\/table>\n<h3>2014<\/h3>\n<p>Report\u00e1\u017e: <a href=\"https:\/\/www.sachyuo.cz\/?p=6445\" target=\"_blank\" rel=\"noopener noreferrer\">Dal\u0161\u00ed Orlick\u00e1 za n\u00e1mi<\/a><\/p>\n<table class=\"table_hidden\">\n<thead>\n<tr>\n<td><a href=\"http:\/\/chess-results.com\/tnr128134.aspx?lan=5&amp;art=1&amp;turdet=YES\" target=\"_blank\" rel=\"noopener noreferrer\">Po\u0159ad\u00ed<\/a><\/td>\n<td>Nejlep\u0161\u00ed z odd\u00edlu<\/td>\n<\/tr>\n<\/thead>\n<tbody>\n<tr>\n<td>\n<ol>\n<li><strong>Havelka Josef &#8211; 2047 &#8211; TJ Lan\u0161kroun<\/strong><\/li>\n<li>Cach Jakub &#8211; 1785 &#8211;&nbsp; 2222 \u0160K Polabiny<\/li>\n<li>Ne\u0161por Jakub &#8211; 1683 &#8211; TJ \u0160tefanydes Poli\u010dka<\/li>\n<\/ol>\n<\/td>\n<td>\n<ol>\n<li><strong>Grundman V\u00e1clav &#8211; 1920 &#8211; 7. m\u00edsto<\/strong><\/li>\n<li>Hol\u00e1sek V\u00edt &#8211; 1354 &#8211; 8. m\u00edsto<\/li>\n<li>Hol\u00e1sek Vojt\u011bch &#8211; 1510 &#8211; 12. m\u00edsto<\/li>\n<\/ol>\n<\/td>\n<\/tr>\n<\/tbody>\n<\/table>\n<h3>2013<\/h3>\n<p>Report\u00e1\u017e: <a href=\"https:\/\/www.sachyuo.cz\/?p=5085\" target=\"_blank\" rel=\"noopener noreferrer\">Orlick\u00e1 \u0161achovnice nov\u00e1, kulturn\u00ed<\/a><\/p>\n<table class=\"table_hidden\">\n<thead>\n<tr>\n<td><a href=\"http:\/\/chess-results.com\/tnr95664.aspx?lan=5&amp;art=1&amp;turdet=YES\" target=\"_blank\" rel=\"noopener noreferrer\">Po\u0159ad\u00ed<\/a><\/td>\n<td>Nejlep\u0161\u00ed z odd\u00edlu<\/td>\n<\/tr>\n<\/thead>\n<tbody>\n<tr>\n<td>\n<ol>\n<li><strong>P\u016flp\u00e1n Jakub &#8211; 2137 &#8211; 2222 \u0160K Polabiny<\/strong><\/li>\n<li>P\u016flp\u00e1n Mat\u011bj &#8211; 1785 &#8211; 2222 \u0160K Polabiny<\/li>\n<li>\u0158ezn\u00ed\u010dek Dominik &#8211; 1666 &#8211; 2222 \u0160K Polabiny<\/li>\n<\/ol>\n<\/td>\n<td>\n<ol>\n<li><strong>Grundman V\u00e1clav &#8211; 1709 &#8211; 12. m\u00edsto<\/strong><\/li>\n<li>Hol\u00e1sek Vojt\u011bch &#8211; 1443 &#8211; 14. m\u00edsto<\/li>\n<li>\u0160majzrov\u00e1 Veronika &#8211; 1250 &#8211; 20. m\u00edsto<\/li>\n<\/ol>\n<\/td>\n<\/tr>\n<\/tbody>\n<\/table>\n<h3>2012<\/h3>\n<p>Report\u00e1\u017e: <a href=\"http:\/\/www.sachyuo.cz\/?p=3645\" target=\"_blank\" rel=\"noopener noreferrer\">42. ro\u010dn\u00edk Orlick\u00e9 \u0161achovnice \u2013 (foto)report\u00e1\u017e<\/a><\/p>\n<table class=\"table_hidden\">\n<thead>\n<tr>\n<td><a href=\"http:\/\/chess-results.com\/tnr68739.aspx?lan=5&amp;art=1&amp;turdet=YES\" target=\"_blank\" rel=\"noopener noreferrer\">Po\u0159ad\u00ed<\/a><\/td>\n<td>Nejlep\u0161\u00ed z odd\u00edlu<\/td>\n<\/tr>\n<\/thead>\n<tbody>\n<tr>\n<td>\n<ol>\n<li><strong>P\u016flp\u00e1n Jakub &#8211; 2146 &#8211; 2222 \u0160K Polabiny<\/strong><\/li>\n<li>\u010cesenek Jan &#8211; 1673 &#8211; TJ \u0160tefanydes Poli\u010dka<\/li>\n<li>Havelka Josef &#8211; 1772 &#8211; TJ Lan\u0161kroun<\/li>\n<\/ol>\n<\/td>\n<td>\n<ol>\n<li><strong>Grundman V\u00e1clav &#8211; 1250 &#8211; 20. m\u00edsto<\/strong><\/li>\n<li>Hol\u00e1sek Vojt\u011bch &#8211; 1250 &#8211; 25. m\u00edsto<\/li>\n<li>Paukert Luk\u00e1\u0161 &#8211; 1250 &#8211; 26. m\u00edsto<\/li>\n<\/ol>\n<\/td>\n<\/tr>\n<\/tbody>\n<\/table>\n<h3>2011<\/h3>\n<p>Report\u00e1\u017e: <a href=\"https:\/\/www.sachyuo.cz\/?p=2402\" target=\"_blank\" rel=\"noopener noreferrer\">Orlick\u00e1 \u0161achovnice a KP do 8 let<\/a><\/p>\n<table class=\"table_hidden\">\n<thead>\n<tr>\n<td><a href=\"http:\/\/chess-results.com\/tnr46541.aspx?lan=5&amp;art=1&amp;turdet=YES\" target=\"_blank\" rel=\"noopener noreferrer\">Po\u0159ad\u00ed<\/a><\/td>\n<td>Nejlep\u0161\u00ed z odd\u00edlu<\/td>\n<\/tr>\n<\/thead>\n<tbody>\n<tr>\n<td>\n<ol>\n<li><strong>Sion David &#8211; 1713 &#8211; TJ \u0160tefanydes Poli\u010dka<\/strong><\/li>\n<li>P\u016flp\u00e1n Jakub &#8211; 1937 &#8211; 2222 \u0160K Polabiny<\/li>\n<li>Mach\u00e1\u0148 Jan &#8211; 1979 &#8211; \u0160\u0160 Panda Rychnov n. Kn\u011b\u017e.<\/li>\n<\/ol>\n<\/td>\n<td>\n<ol>\n<li><strong>John Petr &#8211; 1542 &#8211; 7. m\u00edsto<\/strong><\/li>\n<li>\u0160majzrov\u00e1 Kate\u0159ina &#8211; 1250 &#8211; 17. m\u00edsto<\/li>\n<li>Hol\u00e1sek V\u00edt &#8211; 1250 &#8211; 21. m\u00edsto<\/li>\n<\/ol>\n<\/td>\n<\/tr>\n<\/tbody>\n<\/table>\n<h3>2010<\/h3>\n<p>Report\u00e1\u017e: <a href=\"http:\/\/www.sachyuo.cz\/?p=1251\" target=\"_blank\" rel=\"noopener noreferrer\">40. ro\u010dn\u00edk Orlick\u00e9 \u0161achovnice a KP do 8 let<\/a><\/p>\n<table class=\"table_hidden\">\n<thead>\n<tr>\n<td><a href=\"http:\/\/chess-results.com\/tnr32521.aspx?lan=5&amp;art=1&amp;turdet=YES\" target=\"_blank\" rel=\"noopener noreferrer\">Po\u0159ad\u00ed<\/a><\/td>\n<td>Nejlep\u0161\u00ed z odd\u00edlu<\/td>\n<\/tr>\n<\/thead>\n<tbody>\n<tr>\n<td>\n<ol>\n<li><strong>Sabolov\u00e1 Krist\u00fdna &#8211; 1734 &#8211; \u0160K Vysok\u00e9 M\u00fdto<\/strong><\/li>\n<li>\u0158ezn\u00ed\u010dek Dominik &#8211; 1601 &#8211; 2222 \u0160K Polabiny<\/li>\n<li>Sion David &#8211; 1421 &#8211; TJ \u0160tefanydes Poli\u010dka<\/li>\n<\/ol>\n<\/td>\n<td>\n<ol>\n<li><strong>Kapoun V\u00edt &#8211; 1510 &#8211; 8. m\u00edsto<\/strong><\/li>\n<li>John Petr &#8211; 1524 &#8211; 18. m\u00edsto<\/li>\n<li>\u0160majzrov\u00e1 Kate\u0159ina &#8211; 1250 &#8211; 27. m\u00edsto<\/li>\n<\/ol>\n<\/td>\n<\/tr>\n<\/tbody>\n<\/table>\n<h3>2009<\/h3>\n<table class=\"table_hidden\">\n<thead>\n<tr>\n<td><a href=\"https:\/\/archive.chess-results.com\/tnr20569.aspx?lan=1&amp;art=1\" target=\"_blank\" rel=\"noopener noreferrer\">Po\u0159ad\u00ed<\/a><\/td>\n<td>Nejlep\u0161\u00ed z odd\u00edlu<\/td>\n<\/tr>\n<\/thead>\n<tbody>\n<tr>\n<td>\n<ol>\n<li><strong>\u010ci\u017einsk\u00fd Petr &#8211; 1997 &#8211; 2222 \u0160K Polabiny<\/strong><\/li>\n<li>Kapoun V\u00edt &#8211; 1376 &#8211; TJ Jiskra \u00dast\u00ed nad Orlic\u00ed<\/li>\n<li>Kru\u0161ina Patrik &#8211; 1548 &#8211; \u0160K Svitavy<\/li>\n<\/ol>\n<\/td>\n<td>\n<ol>\n<li><strong>Kapoun V\u00edt &#8211; 1376 &#8211; 2. m\u00edsto<\/strong><\/li>\n<li>Mare\u0161 Jan &#8211; 1690 &#8211; 7. m\u00edsto<\/li>\n<li>Kubi\u0161ta Ladislav &#8211; 1250 &#8211; 12. m\u00edsto<\/li>\n<\/ol>\n<\/td>\n<\/tr>\n<\/tbody>\n<\/table>\n<h3>2008<\/h3>\n<table class=\"table_hidden\">\n<thead>\n<tr>\n<td><a href=\"http:\/\/chess-results.com\/tnr10939.aspx?lan=5&amp;art=1&amp;turdet=YES\" target=\"_blank\" rel=\"noopener noreferrer\">Po\u0159ad\u00ed<\/a><\/td>\n<td>Nejlep\u0161\u00ed z odd\u00edlu<\/td>\n<\/tr>\n<\/thead>\n<tbody>\n<tr>\n<td>\n<ol>\n<li><strong>Kosek Marek &#8211; 1727 &#8211; \u0160K Vysok\u00e9 M\u00fdto<\/strong><\/li>\n<li>Nosek Jakub &#8211; 1372 &#8211; \u0160\u0160 Panda Rychnov<\/li>\n<li>P\u016flp\u00e1n Jakub &#8211; 2005 &#8211; TJ \u0160O a DDM Chrudim<\/li>\n<\/ol>\n<\/td>\n<td>\n<ol>\n<li><strong>Kapoun V\u00edt &#8211; 1298 &#8211; 16. m\u00edsto<\/strong><\/li>\n<li>John Petr &#8211; 1250 &#8211; 20. m\u00edsto<\/li>\n<li>J\u00e1ni\u0161 Petr &#8211; 1250 &#8211; 27. m\u00edsto<\/li>\n<\/ol>\n<\/td>\n<\/tr>\n<\/tbody>\n<\/table>\n<p>&nbsp;<\/p>\n\n","protected":false},"excerpt":{"rendered":"<p>Orlick\u00e1 \u0161achovnice je tradi\u010dn\u00ed turnaj ml\u00e1de\u017ee hran\u00fd od roku 1970. V sou\u010dasn\u00e9 dob\u011b se hraje i jako Krajsk\u00fd p\u0159ebor PD\u0160S do 8 let. V\u00fdsledky 2025 Report\u00e1\u017e: Orlick\u00e1 \u0161achovnice 2025 Po\u0159ad\u00ed Nejlep\u0161\u00ed z odd\u00edlu Seidl V\u00e1clav &#8211; 1554 &#8211; \u0160achov\u00fd spolek \u017delezn\u00e9 hory M\u00e1lek Daniel &#8211; 1508 &#8211; \u0160achov\u00fd spolek \u017delezn\u00e9 hory Cimprich Luk\u00e1\u0161 &#8211; 1571 [&hellip;]<\/p>\n","protected":false},"author":7,"featured_media":0,"parent":4293,"menu_order":10,"comment_status":"open","ping_status":"closed","template":"","meta":{"ngg_post_thumbnail":0,"footnotes":"","_links_to":"","_links_to_target":""},"class_list":["post-4247","page","type-page","status-publish","hentry"],"_links":{"self":[{"href":"https:\/\/www.sachyuo.cz\/index.php?rest_route=\/wp\/v2\/pages\/4247","targetHints":{"allow":["GET"]}}],"collection":[{"href":"https:\/\/www.sachyuo.cz\/index.php?rest_route=\/wp\/v2\/pages"}],"about":[{"href":"https:\/\/www.sachyuo.cz\/index.php?rest_route=\/wp\/v2\/types\/page"}],"author":[{"embeddable":true,"href":"https:\/\/www.sachyuo.cz\/index.php?rest_route=\/wp\/v2\/users\/7"}],"replies":[{"embeddable":true,"href":"https:\/\/www.sachyuo.cz\/index.php?rest_route=%2Fwp%2Fv2%2Fcomments&post=4247"}],"version-history":[{"count":52,"href":"https:\/\/www.sachyuo.cz\/index.php?rest_route=\/wp\/v2\/pages\/4247\/revisions"}],"predecessor-version":[{"id":31887,"href":"https:\/\/www.sachyuo.cz\/index.php?rest_route=\/wp\/v2\/pages\/4247\/revisions\/31887"}],"up":[{"embeddable":true,"href":"https:\/\/www.sachyuo.cz\/index.php?rest_route=\/wp\/v2\/pages\/4293"}],"wp:attachment":[{"href":"https:\/\/www.sachyuo.cz\/index.php?rest_route=%2Fwp%2Fv2%2Fmedia&parent=4247"}],"curies":[{"name":"wp","href":"https:\/\/api.w.org\/{rel}","templated":true}]}}