{"id":4252,"date":"2012-09-30T09:51:02","date_gmt":"2012-09-30T08:51:02","guid":{"rendered":"http:\/\/www.sachyuo.cz\/?page_id=4252"},"modified":"2026-01-16T21:15:03","modified_gmt":"2026-01-16T20:15:03","slug":"memorial-oldy-hajka","status":"publish","type":"page","link":"https:\/\/www.sachyuo.cz\/?page_id=4252","title":{"rendered":"Memori\u00e1l Oldy H\u00e1jka"},"content":{"rendered":"<p>Memori\u00e1l Oldy H\u00e1jka je tradi\u010dn\u00ed bleskov\u00fd turnaj hran\u00fd od roku 1968 v\u017edy 26. prosince. V sou\u010dasn\u00e9 dob\u011b se hraje i jako Krajsk\u00fd p\u0159ebor PD\u0160S v blesku.<\/p>\n<h2>V\u00fdsledky<\/h2>\n<p>2025 &#8211; 55. ro\u010dn\u00edk: <a href=\"https:\/\/s3.chess-results.com\/tnr1318269.aspx?lan=5&amp;art=1&amp;rd=13&amp;SNode=S0\" target=\"_blank\" rel=\"noopener\">V\u00fdsledky<\/a> V\u00edt\u011bz: Mat\u011bj P\u016flp\u00e1n<br>2024 &#8211; 54. ro\u010dn\u00edk: <a href=\"https:\/\/s2.chess-results.com\/tnr1080623.aspx?lan=5&amp;art=1&amp;SNode=S0\" target=\"_blank\" rel=\"noopener\">V\u00fdsledky<\/a> V\u00edt\u011bz: Pavel \u0160im\u00e1\u010dek<br>2023 &#8211; 53. ro\u010dn\u00edk: <a href=\"https:\/\/s1.chess-results.com\/tnr864315.aspx?lan=5&amp;art=1&amp;SNode=S0\" target=\"_blank\" rel=\"noopener\">V\u00fdsledky<\/a> V\u00edt\u011bz: Michal Jare\u0161<br>2022 &#8211; 52. ro\u010dn\u00edk: <a href=\"https:\/\/chess-results.com\/tnr711334.aspx?lan=1\" target=\"_blank\" rel=\"noopener\">V\u00fdsledky<\/a>&nbsp;V\u00edt\u011bz: Jan Bern\u00e1\u0161ek<br>2019 &#8211; 51. ro\u010dn\u00edk: <a href=\"http:\/\/chess-results.com\/tnr495131.aspx?lan=5&amp;art=1&amp;rd=14\" target=\"_blank\" rel=\"noopener noreferrer\">V\u00fdsledky<\/a> V\u00edt\u011bz: Jan Bern\u00e1\u0161ek<br>2018 &#8211; 50. ro\u010dn\u00edk: <a href=\"http:\/\/chess-results.com\/tnr397977.aspx?lan=5&amp;art=1\" target=\"_blank\" rel=\"noopener noreferrer\">V\u00fdsledky<\/a> V\u00edt\u011bz: Jan Bern\u00e1\u0161ek<br>2017 &#8211; 49. ro\u010dn\u00edk: <a href=\"http:\/\/chess-results.com\/tnr318995.aspx?lan=5&amp;art=1&amp;rd=14\" target=\"_blank\" rel=\"noopener noreferrer\">V\u00fdsledky<\/a> V\u00edt\u011bz: Pavel \u0160im\u00e1\u010dek<br>2016 &#8211; 48. ro\u010dn\u00edk: <a href=\"http:\/\/chess-results.com\/tnr252938.aspx?lan=5&amp;art=1&amp;rd=14\" target=\"_blank\" rel=\"noopener noreferrer\">V\u00fdsledky<\/a> V\u00edt\u011bz: Jakub P\u016flp\u00e1n<br>2015 &#8211; 47. ro\u010dn\u00edk: <a href=\"http:\/\/chess-results.com\/tnr198894.aspx?lan=1&amp;art=1&amp;rd=13&amp;wi=821\" target=\"_blank\" rel=\"noopener noreferrer\">V\u00fdsledky<\/a> V\u00edt\u011bz: Jakub P\u016flp\u00e1n<br>2014 &#8211; 46. ro\u010dn\u00edk: <a href=\"http:\/\/chess-results.com\/tnr154870.aspx?lan=1&amp;art=1&amp;wi=821\" target=\"_blank\" rel=\"noopener noreferrer\">V\u00fdsledky<\/a> V\u00edt\u011bz: Martin \u010cerven\u00fd<br>2013 &#8211; 45. ro\u010dn\u00edk: <a href=\"http:\/\/chess-results.com\/tnr119347.aspx?lan=5&amp;art=1&amp;rd=17&amp;wi=821\" target=\"_blank\" rel=\"noopener noreferrer\">V\u00fdsledky<\/a> V\u00edt\u011bz: Marian Sabol<br>2012 &#8211; 44. ro\u010dn\u00edk: <a href=\"http:\/\/chess-results.com\/tnr87931.aspx?lan=5&amp;art=1&amp;rd=17&amp;turdet=YES&amp;wi=984\" target=\"_blank\" rel=\"noopener noreferrer\">V\u00fdsledky<\/a> V\u00edt\u011bz: Martin \u010cerven\u00fd<br>2011 &#8211; 43. ro\u010dn\u00edk: <a href=\"http:\/\/www.sachyuo.cz\/?p=3221\">V\u00fdsledky<\/a> V\u00edt\u011bz: Bern\u00e1\u0161ek Jan<br>2010 &#8211; 42. ro\u010dn\u00edk: <a href=\"http:\/\/www.sachyuo.cz\/?p=2034\">V\u00fdsledky<\/a> V\u00edt\u011bz: Marian Sabol<br>2009 &#8211; 41. ro\u010dn\u00edk: <a href=\"http:\/\/www.sachyuo.cz\/?p=918\">V\u00fdsledky<\/a> V\u00edt\u011bz: Martin \u010cerven\u00fd<br>2008 &#8211; 40. ro\u010dn\u00edk: <a href=\"https:\/\/s1.chess-results.com\/tnr18304.aspx?lan=5&amp;art=1&amp;SNode=S0\" target=\"_blank\" rel=\"noopener\">V\u00fdsledky<\/a> V\u00edt\u011bz: Martin \u010cerven\u00fd<\/p>\n\n","protected":false},"excerpt":{"rendered":"<p>Memori\u00e1l Oldy H\u00e1jka je tradi\u010dn\u00ed bleskov\u00fd turnaj hran\u00fd od roku 1968 v\u017edy 26. prosince. V sou\u010dasn\u00e9 dob\u011b se hraje i jako Krajsk\u00fd p\u0159ebor PD\u0160S v blesku. V\u00fdsledky 2025 &#8211; 55. ro\u010dn\u00edk: V\u00fdsledky V\u00edt\u011bz: Mat\u011bj P\u016flp\u00e1n2024 &#8211; 54. ro\u010dn\u00edk: V\u00fdsledky V\u00edt\u011bz: Pavel \u0160im\u00e1\u010dek2023 &#8211; 53. ro\u010dn\u00edk: V\u00fdsledky V\u00edt\u011bz: Michal Jare\u01612022 &#8211; 52. ro\u010dn\u00edk: V\u00fdsledky&nbsp;V\u00edt\u011bz: Jan Bern\u00e1\u0161ek2019 [&hellip;]<\/p>\n","protected":false},"author":7,"featured_media":0,"parent":4249,"menu_order":0,"comment_status":"open","ping_status":"open","template":"","meta":{"ngg_post_thumbnail":0,"footnotes":"","_links_to":"","_links_to_target":""},"class_list":["post-4252","page","type-page","status-publish","hentry"],"_links":{"self":[{"href":"https:\/\/www.sachyuo.cz\/index.php?rest_route=\/wp\/v2\/pages\/4252","targetHints":{"allow":["GET"]}}],"collection":[{"href":"https:\/\/www.sachyuo.cz\/index.php?rest_route=\/wp\/v2\/pages"}],"about":[{"href":"https:\/\/www.sachyuo.cz\/index.php?rest_route=\/wp\/v2\/types\/page"}],"author":[{"embeddable":true,"href":"https:\/\/www.sachyuo.cz\/index.php?rest_route=\/wp\/v2\/users\/7"}],"replies":[{"embeddable":true,"href":"https:\/\/www.sachyuo.cz\/index.php?rest_route=%2Fwp%2Fv2%2Fcomments&post=4252"}],"version-history":[{"count":15,"href":"https:\/\/www.sachyuo.cz\/index.php?rest_route=\/wp\/v2\/pages\/4252\/revisions"}],"predecessor-version":[{"id":34359,"href":"https:\/\/www.sachyuo.cz\/index.php?rest_route=\/wp\/v2\/pages\/4252\/revisions\/34359"}],"up":[{"embeddable":true,"href":"https:\/\/www.sachyuo.cz\/index.php?rest_route=\/wp\/v2\/pages\/4249"}],"wp:attachment":[{"href":"https:\/\/www.sachyuo.cz\/index.php?rest_route=%2Fwp%2Fv2%2Fmedia&parent=4252"}],"curies":[{"name":"wp","href":"https:\/\/api.w.org\/{rel}","templated":true}]}}