{"id":4313,"date":"2012-10-06T18:11:13","date_gmt":"2012-10-06T17:11:13","guid":{"rendered":"http:\/\/www.sachyuo.cz\/?page_id=4313"},"modified":"2014-10-06T20:23:23","modified_gmt":"2014-10-06T19:23:23","slug":"oddilak-201213","status":"publish","type":"page","link":"https:\/\/www.sachyuo.cz\/?page_id=4313","title":{"rendered":"Odd\u00edl\u00e1k &#8211; 2012\/13"},"content":{"rendered":"<div>\n<div align=\"center\">\n<table style=\"width: 831px;\" border=\"1\" cellspacing=\"0\" cellpadding=\"0\">\n<tbody>\n<tr>\n<td width=\"43\">\n<p align=\"center\"><b>Los<\/b><\/p>\n<\/td>\n<td width=\"149\"><b>Jm\u00e9no<\/b><\/td>\n<td width=\"37\">\n<p align=\"center\"><b>ELO<\/b><\/p>\n<\/td>\n<td width=\"32\">\n<p align=\"center\"><b>1<\/b><\/p>\n<\/td>\n<td width=\"37\">\n<p align=\"center\"><b>2<\/b><\/p>\n<\/td>\n<td width=\"37\">\n<p align=\"center\"><b>3<\/b><\/p>\n<\/td>\n<td width=\"37\">\n<p align=\"center\"><b>4<\/b><\/p>\n<\/td>\n<td width=\"37\">\n<p align=\"center\"><b>5<\/b><\/p>\n<\/td>\n<td width=\"37\">\n<p align=\"center\"><b>6<\/b><\/p>\n<\/td>\n<td width=\"31\">\n<p align=\"center\"><b>7<\/b><\/p>\n<\/td>\n<td width=\"37\">\n<p align=\"center\"><b>8<\/b><\/p>\n<\/td>\n<td width=\"37\">\n<p align=\"center\"><b>9<\/b><\/p>\n<\/td>\n<td width=\"40\">\n<p align=\"center\"><b>10<\/b><\/p>\n<\/td>\n<td width=\"40\">\n<p align=\"center\"><b>11<\/b><\/p>\n<\/td>\n<td width=\"40\">\n<p align=\"center\"><b>12<\/b><\/p>\n<\/td>\n<td width=\"55\">\n<p align=\"center\"><b>Body<\/b><\/p>\n<\/td>\n<td width=\"50\">\n<p align=\"center\"><b>S.B.<\/b><\/p>\n<\/td>\n<td width=\"53\">\n<p align=\"center\"><b>Po\u0159.<\/b><\/p>\n<\/td>\n<\/tr>\n<tr>\n<td width=\"43\">\n<p align=\"center\">1<\/p>\n<\/td>\n<td width=\"149\">Hol\u00e1sek Pavel<\/td>\n<td width=\"37\">\n<p align=\"center\">2051<\/p>\n<\/td>\n<td width=\"32\">\u00a0x<\/td>\n<td width=\"37\">\n<p align=\"center\">1<\/p>\n<\/td>\n<td width=\"37\">\n<p align=\"center\">\u00bd<\/p>\n<\/td>\n<td width=\"37\">\n<p align=\"center\">1<\/p>\n<\/td>\n<td width=\"37\">\n<p align=\"center\">0<\/p>\n<\/td>\n<td width=\"37\">\n<p align=\"center\">1<\/p>\n<\/td>\n<td width=\"31\">\n<p align=\"center\">1<\/p>\n<\/td>\n<td width=\"37\">1<\/td>\n<td width=\"37\">\u00a01<\/td>\n<td width=\"40\">\u00a01<\/td>\n<td width=\"40\">\u00a01<\/td>\n<td width=\"40\">\n<p align=\"center\">1<\/p>\n<\/td>\n<td width=\"55\"><\/td>\n<td width=\"50\"><\/td>\n<td width=\"53\"><\/td>\n<\/tr>\n<tr>\n<td width=\"43\">\n<p align=\"center\">2<\/p>\n<\/td>\n<td width=\"149\">Kapoun V\u00edt<\/td>\n<td width=\"37\">\n<p align=\"center\">1758<\/p>\n<\/td>\n<td width=\"32\">\n<p align=\"center\">0<\/p>\n<\/td>\n<td width=\"37\">\u00a0x<\/td>\n<td width=\"37\">\n<p align=\"center\">\u00bd<\/p>\n<\/td>\n<td width=\"37\">\n<p align=\"center\">1<\/p>\n<\/td>\n<td width=\"37\">\n<p align=\"center\">1<\/p>\n<\/td>\n<td width=\"37\">\n<p align=\"center\">0<\/p>\n<\/td>\n<td width=\"31\">\n<p align=\"center\">1<\/p>\n<\/td>\n<td width=\"37\">0<\/td>\n<td width=\"37\">\u00a01<\/td>\n<td width=\"40\">\u00a00<\/td>\n<td width=\"40\">\n<p align=\"center\">1<\/p>\n<\/td>\n<td width=\"40\">\n<p align=\"center\">0<\/p>\n<\/td>\n<td width=\"55\"><\/td>\n<td width=\"50\"><\/td>\n<td width=\"53\"><\/td>\n<\/tr>\n<tr>\n<td width=\"43\">\n<p align=\"center\">3<\/p>\n<\/td>\n<td width=\"149\">Kamen\u00edk David<\/td>\n<td width=\"37\">\n<p align=\"center\">1875<\/p>\n<\/td>\n<td width=\"32\">\n<p align=\"center\">\u00bd<\/p>\n<\/td>\n<td width=\"37\">\n<p align=\"center\">\u00bd<\/p>\n<\/td>\n<td width=\"37\">\u00a0x<\/td>\n<td width=\"37\">\n<p align=\"center\">1<\/p>\n<\/td>\n<td width=\"37\">\n<p align=\"center\">1<\/p>\n<\/td>\n<td width=\"37\">\n<p align=\"center\">\u00bd<\/p>\n<\/td>\n<td width=\"31\">\u00a01<\/td>\n<td width=\"37\">0<\/td>\n<td width=\"37\">1<\/td>\n<td width=\"40\">\n<p align=\"center\">\u00bd<\/p>\n<\/td>\n<td width=\"40\">\n<p align=\"center\">1<\/p>\n<\/td>\n<td width=\"40\">\n<p align=\"center\">\u00bd<\/p>\n<\/td>\n<td width=\"55\"><\/td>\n<td width=\"50\"><\/td>\n<td width=\"53\"><\/td>\n<\/tr>\n<tr>\n<td width=\"43\">\n<p align=\"center\">4<\/p>\n<\/td>\n<td width=\"149\">Hol\u00e1sek Vojt\u011bch<\/td>\n<td width=\"37\">\n<p align=\"center\">1479<\/p>\n<\/td>\n<td width=\"32\">\n<p align=\"center\">0<\/p>\n<\/td>\n<td width=\"37\">\n<p align=\"center\">0<\/p>\n<\/td>\n<td width=\"37\">\n<p align=\"center\">0<\/p>\n<\/td>\n<td width=\"37\">x<\/td>\n<td width=\"37\">\n<p align=\"center\">0<\/p>\n<\/td>\n<td width=\"37\">\u00a00<\/td>\n<td width=\"31\">0<\/td>\n<td width=\"37\">\u00a00<\/td>\n<td width=\"37\">\n<p align=\"center\">0<\/p>\n<\/td>\n<td width=\"40\">\n<p align=\"center\">0<\/p>\n<\/td>\n<td width=\"40\">\n<p align=\"center\">0<\/p>\n<\/td>\n<td width=\"40\">\n<p align=\"center\">0<\/p>\n<\/td>\n<td width=\"55\"><\/td>\n<td width=\"50\"><\/td>\n<td width=\"53\"><\/td>\n<\/tr>\n<tr>\n<td width=\"43\">\n<p align=\"center\">5<\/p>\n<\/td>\n<td width=\"149\">Mina\u0159\u00edk Lubom\u00edr<\/td>\n<td width=\"37\">\n<p align=\"center\">1658<\/p>\n<\/td>\n<td width=\"32\">\n<p align=\"center\">1<\/p>\n<\/td>\n<td width=\"37\">\n<p align=\"center\">0<\/p>\n<\/td>\n<td width=\"37\">\n<p align=\"center\">0<\/p>\n<\/td>\n<td width=\"37\">\n<p align=\"center\">1<\/p>\n<\/td>\n<td width=\"37\">x<\/td>\n<td width=\"37\">\u00a01<\/td>\n<td width=\"31\">\u00a01<\/td>\n<td width=\"37\">\n<p align=\"center\">0<\/p>\n<\/td>\n<td width=\"37\">\n<p align=\"center\">1<\/p>\n<\/td>\n<td width=\"40\">\n<p align=\"center\">0<\/p>\n<\/td>\n<td width=\"40\">\n<p align=\"center\">1<\/p>\n<\/td>\n<td width=\"40\">1<\/td>\n<td width=\"55\"><\/td>\n<td width=\"50\"><\/td>\n<td width=\"53\"><\/td>\n<\/tr>\n<tr>\n<td width=\"43\">\n<p align=\"center\">6<\/p>\n<\/td>\n<td width=\"149\">Kubi\u0161ta Ladislav<\/td>\n<td width=\"37\">\n<p align=\"center\">1895<\/p>\n<\/td>\n<td width=\"32\">\n<p align=\"center\">0<\/p>\n<\/td>\n<td width=\"37\">\n<p align=\"center\">1<\/p>\n<\/td>\n<td width=\"37\">\n<p align=\"center\">\u00bd<\/p>\n<\/td>\n<td width=\"37\">1<\/td>\n<td width=\"37\">\u00a00<\/td>\n<td width=\"37\">x<\/td>\n<td width=\"31\">\n<p align=\"center\">1<\/p>\n<\/td>\n<td width=\"37\">\n<p align=\"center\">0<\/p>\n<\/td>\n<td width=\"37\"><\/td>\n<td width=\"40\">\n<p align=\"center\">\u00bd<\/p>\n<\/td>\n<td width=\"40\">\n<p align=\"center\">1<\/p>\n<\/td>\n<td width=\"40\"><\/td>\n<td width=\"55\"><\/td>\n<td width=\"50\"><\/td>\n<td width=\"53\"><\/td>\n<\/tr>\n<tr>\n<td width=\"43\">\n<p align=\"center\">7<\/p>\n<\/td>\n<td width=\"149\">Dole\u010dek Pavel<\/td>\n<td width=\"37\">\n<p align=\"center\">1000<\/p>\n<\/td>\n<td width=\"32\">\n<p align=\"center\">0<\/p>\n<\/td>\n<td width=\"37\">\n<p align=\"center\">0<\/p>\n<\/td>\n<td width=\"37\">0<\/td>\n<td width=\"37\">\u00a01<\/td>\n<td width=\"37\">0<\/td>\n<td width=\"37\">\n<p align=\"center\">0<\/p>\n<\/td>\n<td width=\"31\">x<\/td>\n<td width=\"37\">\n<p align=\"center\">0<\/p>\n<\/td>\n<td width=\"37\">\n<p align=\"center\">\u00bd<\/p>\n<\/td>\n<td width=\"40\">\n<p align=\"center\">0<\/p>\n<\/td>\n<td width=\"40\">\n<p align=\"center\">1<\/p>\n<\/td>\n<td width=\"40\"><\/td>\n<td width=\"55\"><\/td>\n<td width=\"50\"><\/td>\n<td width=\"53\"><\/td>\n<\/tr>\n<tr>\n<td width=\"43\">\n<p align=\"center\">8<\/p>\n<\/td>\n<td width=\"149\">Volf Jaroslav<\/td>\n<td width=\"37\">\n<p align=\"center\">2120<\/p>\n<\/td>\n<td width=\"32\">0<\/td>\n<td width=\"37\">1<\/td>\n<td width=\"37\">1<\/td>\n<td width=\"37\">\u00a01<\/td>\n<td width=\"37\">\n<p align=\"center\">1<\/p>\n<\/td>\n<td width=\"37\">\n<p align=\"center\">1<\/p>\n<\/td>\n<td width=\"31\">\n<p align=\"center\">1<\/p>\n<\/td>\n<td width=\"37\">x<\/td>\n<td width=\"37\">\n<p align=\"center\">1<\/p>\n<\/td>\n<td width=\"40\">1<\/td>\n<td width=\"40\">\n<p align=\"center\">1<\/p>\n<\/td>\n<td width=\"40\">\n<p align=\"center\">\u00bd<\/p>\n<\/td>\n<td width=\"55\"><\/td>\n<td width=\"50\"><\/td>\n<td width=\"53\"><\/td>\n<\/tr>\n<tr>\n<td width=\"43\">\n<p align=\"center\">9<\/p>\n<\/td>\n<td width=\"149\">Driemer Jaroslav<\/td>\n<td width=\"37\">\n<p align=\"center\">1539<\/p>\n<\/td>\n<td width=\"32\">\u00a00<\/td>\n<td width=\"37\">\u00a00<\/td>\n<td width=\"37\">0<\/td>\n<td width=\"37\">\n<p align=\"center\">1<\/p>\n<\/td>\n<td width=\"37\">\n<p align=\"center\">0<\/p>\n<\/td>\n<td width=\"37\"><\/td>\n<td width=\"31\">\n<p align=\"center\">\u00bd<\/p>\n<\/td>\n<td width=\"37\">\n<p align=\"center\">0<\/p>\n<\/td>\n<td width=\"37\">x<\/td>\n<td width=\"40\">\n<p align=\"center\">0<\/p>\n<\/td>\n<td width=\"40\">\n<p align=\"center\">1<\/p>\n<\/td>\n<td width=\"40\">\n<p align=\"center\">0<\/p>\n<\/td>\n<td width=\"55\"><\/td>\n<td width=\"50\"><\/td>\n<td width=\"53\"><\/td>\n<\/tr>\n<tr>\n<td width=\"43\">\n<p align=\"center\">10<\/p>\n<\/td>\n<td width=\"149\">J\u00e1ni\u0161 Petr<\/td>\n<td width=\"37\">\n<p align=\"center\">1882<\/p>\n<\/td>\n<td width=\"32\">0<\/td>\n<td width=\"37\">1<\/td>\n<td width=\"37\">\n<p align=\"center\">\u00bd<\/p>\n<\/td>\n<td width=\"37\">\n<p align=\"center\">1<\/p>\n<\/td>\n<td width=\"37\">\n<p align=\"center\">1<\/p>\n<\/td>\n<td width=\"37\">\n<p align=\"center\">\u00bd<\/p>\n<\/td>\n<td width=\"31\">\n<p align=\"center\">1<\/p>\n<\/td>\n<td width=\"37\">\u00a00<\/td>\n<td width=\"37\">\n<p align=\"center\">1<\/p>\n<\/td>\n<td width=\"40\">x<\/td>\n<td width=\"40\">\u00a01<\/td>\n<td width=\"40\">\n<p align=\"center\">\u00bd<\/p>\n<\/td>\n<td width=\"55\"><\/td>\n<td width=\"50\"><\/td>\n<td width=\"53\"><\/td>\n<\/tr>\n<tr>\n<td width=\"43\">\n<p align=\"center\">11<\/p>\n<\/td>\n<td width=\"149\">Hol\u00e1sek V\u00edt<\/td>\n<td width=\"37\">\n<p align=\"center\">1250<\/p>\n<\/td>\n<td width=\"32\">0<\/td>\n<td width=\"37\">\n<p align=\"center\">0<\/p>\n<\/td>\n<td width=\"37\">\n<p align=\"center\">0<\/p>\n<\/td>\n<td width=\"37\">\n<p align=\"center\">1<\/p>\n<\/td>\n<td width=\"37\">\n<p align=\"center\">0<\/p>\n<\/td>\n<td width=\"37\">\n<p align=\"center\">0<\/p>\n<\/td>\n<td width=\"31\">\n<p align=\"center\">0<\/p>\n<\/td>\n<td width=\"37\">\n<p align=\"center\">0<\/p>\n<\/td>\n<td width=\"37\">\n<p align=\"center\">0<\/p>\n<\/td>\n<td width=\"40\">0<\/td>\n<td width=\"40\">x<\/td>\n<td width=\"40\"><\/td>\n<td width=\"55\"><\/td>\n<td width=\"50\"><\/td>\n<td width=\"53\"><\/td>\n<\/tr>\n<tr>\n<td width=\"43\">\n<p align=\"center\">12<\/p>\n<\/td>\n<td width=\"149\">Pokorn\u00fd Jan<\/td>\n<td width=\"37\">\n<p align=\"center\">1880<\/p>\n<\/td>\n<td width=\"32\">\n<p align=\"center\">0<\/p>\n<\/td>\n<td width=\"37\">\n<p align=\"center\">1<\/p>\n<\/td>\n<td width=\"37\">\n<p align=\"center\">\u00bd<\/p>\n<\/td>\n<td width=\"37\">\n<p align=\"center\">1<\/p>\n<\/td>\n<td width=\"37\">\u00a00<\/td>\n<td width=\"37\"><\/td>\n<td width=\"31\"><\/td>\n<td width=\"37\">\n<p align=\"center\">\u00bd<\/p>\n<\/td>\n<td width=\"37\">\n<p align=\"center\">1<\/p>\n<\/td>\n<td width=\"40\">\n<p align=\"center\">\u00bd<\/p>\n<\/td>\n<td width=\"40\"><\/td>\n<td width=\"40\">x<\/td>\n<td width=\"55\"><\/td>\n<td width=\"50\"><\/td>\n<td width=\"53\"><\/td>\n<\/tr>\n<\/tbody>\n<\/table>\n<\/div>\n<p><b>Hrac\u00ed komise:\u00a0\u00a0 Kamen\u00edk \u2013 p\u0159edseda, Hol\u00e1sek P., Pokorn\u00fd<\/b><br \/>\n<b>Pr\u016fm\u011brn\u00e9 ELO turnaje:\u00a0\u00a0 1699<br \/>\nHrac\u00ed m\u00edstnost:\u00a0\u00a0 DDM \u0160pindlerova 1167, 2. patro<br \/>\nZa\u010d\u00e1tky: \u00a0 17:15<br \/>\nTempo hry: \u00a0 90 min. na partii + 30 s za ka\u017ed\u00fd tah<br \/>\n\u010cekac\u00ed doba: \u00a0 30 minut<\/b><\/p>\n<\/div>\n<div>\n<p><strong>1. kolo\u00a0\u00a0\u00a0\u00a0\u00a0\u00a0\u00a0 11.10.2012<\/strong><\/p>\n<p>Hol\u00e1sek Pavel\u00a0 &#8211;\u00a0 Pokorn\u00fd Jan\u00a0\u00a0\u00a0\u00a0 1-0<br \/>\nKapoun V\u00edt\u00a0 &#8211;\u00a0 Hol\u00e1sek V\u00edt\u00a0\u00a0\u00a0\u00a0\u00a0\u00a0\u00a0\u00a0\u00a0\u00a0\u00a0 1-0<br \/>\nKamen\u00edk David\u00a0 &#8211;\u00a0 J\u00e1ni\u0161 Petr\u00a0\u00a0\u00a0\u00a0\u00a0\u00a0\u00a0\u00a0 1\/2<br \/>\nHol\u00e1sek Vojt\u011bch\u00a0 &#8211;\u00a0 Driemer Jaroslav\u00a0\u00a0 0-1<br \/>\nMina\u0159\u00edk Lubom\u00edr\u00a0 &#8211;\u00a0 Volf Jaroslav\u00a0\u00a0\u00a0\u00a0\u00a0\u00a0\u00a0\u00a0\u00a0 0-1<br \/>\nKubi\u0161ta Ladislav\u00a0 &#8211;\u00a0 Dole\u010dek Pavel\u00a0\u00a0\u00a0\u00a0\u00a0\u00a0 1-0<\/p>\n<p><strong>2. kolo\u00a0\u00a0\u00a0\u00a0\u00a0\u00a0\u00a0 18.10.2012<\/strong><\/p>\n<p>Pokorn\u00fd Jan\u00a0 &#8211;\u00a0 Dole\u010dek Pavel\u00a0\u00a0\u00a0\u00a0\u00a0\u00a0\u00a0\u00a0\u00a0\u00a0\u00a0\u00a0\u00a0\u00a0\u00a0\u00a0 1-0<br \/>\nVolf Jaroslav\u00a0 &#8211;\u00a0 Kubi\u0161ta Ladislav\u00a0\u00a0\u00a0\u00a0\u00a0\u00a0\u00a0\u00a0\u00a0\u00a0\u00a0 1-0<br \/>\nDriemer Jaroslav\u00a0 &#8211;\u00a0 Mina\u0159\u00edk Lubom\u00edr\u00a0\u00a0\u00a0\u00a0 0-1<br \/>\nJ\u00e1ni\u0161 Petr\u00a0 &#8211;\u00a0 Hol\u00e1sek Vojt\u011bch\u00a0\u00a0\u00a0\u00a0\u00a0\u00a0\u00a0\u00a0\u00a0\u00a0\u00a0\u00a0\u00a0\u00a0\u00a0 1-0<br \/>\nHol\u00e1sek V\u00edt\u00a0 &#8211;\u00a0 Kamen\u00edk David\u00a0\u00a0\u00a0\u00a0\u00a0\u00a0\u00a0\u00a0\u00a0\u00a0\u00a0\u00a0\u00a0\u00a0 0-1<br \/>\nHol\u00e1sek Pavel\u00a0 &#8211;\u00a0 Kapoun V\u00edt\u00a0\u00a0\u00a0\u00a0\u00a0\u00a0\u00a0\u00a0\u00a0\u00a0\u00a0\u00a0\u00a0\u00a0\u00a0\u00a0 1-0<\/p>\n<p><strong>3. kolo\u00a0\u00a0\u00a0\u00a0\u00a0\u00a0\u00a0 8.11.2012<\/strong><\/p>\n<p>Kapoun V\u00edt\u00a0 &#8211;\u00a0 Pokorn\u00fd Jan\u00a0\u00a0\u00a0\u00a0\u00a0\u00a0\u00a0\u00a0\u00a0\u00a0\u00a0\u00a0\u00a0\u00a0\u00a0\u00a0\u00a0\u00a0 0-1<br \/>\nKamen\u00edk David\u00a0 &#8211;\u00a0 Hol\u00e1sek Pavel\u00a0\u00a0\u00a0\u00a0\u00a0\u00a0\u00a0\u00a0 1\/2<br \/>\nHol\u00e1sek Vojt\u011bch\u00a0 &#8211;\u00a0 Hol\u00e1sek V\u00edt\u00a0\u00a0\u00a0\u00a0\u00a0\u00a0\u00a0\u00a0\u00a0\u00a0\u00a0 0-1<br \/>\nMina\u0159\u00edk Lubom\u00edr\u00a0 &#8211;\u00a0 J\u00e1ni\u0161 Petr\u00a0\u00a0\u00a0\u00a0\u00a0\u00a0\u00a0\u00a0\u00a0\u00a0\u00a0\u00a0\u00a0 0-1<br \/>\nKubi\u0161ta Ladislav\u00a0 &#8211;\u00a0 Driemer Jaroslav \u00a01-0<br \/>\nDole\u010dek Pavel\u00a0 &#8211;\u00a0 Volf Jaroslav\u00a0\u00a0\u00a0\u00a0\u00a0\u00a0\u00a0\u00a0\u00a0\u00a0\u00a0\u00a0 0-1<\/p>\n<p><strong>4. kolo\u00a0\u00a0\u00a0\u00a0\u00a0\u00a0\u00a0 22.11.2012<\/strong><\/p>\n<p>Pokorn\u00fd Jan\u00a0 &#8211;\u00a0 Volf Jaroslav\u00a0\u00a0\u00a0\u00a0\u00a0\u00a0\u00a0\u00a0\u00a0\u00a0\u00a0\u00a0\u00a0\u00a0\u00a0\u00a0 1\/2<br \/>\nDriemer Jaroslav\u00a0 &#8211;\u00a0 Dole\u010dek Pavel\u00a0\u00a0\u00a0\u00a0\u00a0 1\/2<br \/>\nJ\u00e1ni\u0161 Petr\u00a0 &#8211;\u00a0 Kubi\u0161ta Ladislav\u00a0\u00a0\u00a0\u00a0\u00a0\u00a0\u00a0\u00a0\u00a0\u00a0\u00a0\u00a0\u00a0\u00a0 1\/2<br \/>\nHol\u00e1sek V\u00edt\u00a0 &#8211;\u00a0 Mina\u0159\u00edk Lubom\u00edr\u00a0\u00a0\u00a0\u00a0\u00a0\u00a0\u00a0\u00a0\u00a0\u00a0\u00a0\u00a0\u00a0 0-1<br \/>\nHol\u00e1sek Pavel\u00a0 &#8211;\u00a0 Hol\u00e1sek Vojt\u011bch\u00a0\u00a0\u00a0\u00a0\u00a0\u00a0\u00a0 1-0<br \/>\nKapoun V\u00edt\u00a0 &#8211;\u00a0 Kamen\u00edk David\u00a0\u00a0\u00a0\u00a0\u00a0\u00a0\u00a0\u00a0\u00a0\u00a0\u00a0\u00a0\u00a0\u00a0\u00a0 1\/2<\/p>\n<p><strong>5. kolo\u00a0\u00a0\u00a0\u00a0\u00a0\u00a0\u00a0 29.11.2012<\/strong><\/p>\n<p>Kamen\u00edk David\u00a0 &#8211;\u00a0 Pokorn\u00fd Jan\u00a0\u00a0\u00a0\u00a0\u00a0\u00a0\u00a0\u00a0\u00a0\u00a0\u00a0\u00a0\u00a0\u00a0\u00a0\u00a0 1\/2<br \/>\nHol\u00e1sek Vojt\u011bch\u00a0 &#8211;\u00a0 Kapoun V\u00edt\u00a0\u00a0\u00a0\u00a0\u00a0\u00a0\u00a0\u00a0\u00a0\u00a0\u00a0\u00a0\u00a0\u00a0\u00a0 0-1<br \/>\nMina\u0159\u00edk Lubom\u00edr\u00a0 &#8211;\u00a0 Hol\u00e1sek Pavel\u00a0\u00a0\u00a0\u00a0\u00a0\u00a0\u00a0\u00a0\u00a0\u00a0 1-0<br \/>\nKubi\u0161ta Ladislav\u00a0 &#8211;\u00a0 Hol\u00e1sek V\u00edt\u00a0\u00a0\u00a0\u00a0\u00a0\u00a0\u00a0\u00a0\u00a0\u00a0\u00a0\u00a0 1 &#8211; 0<br \/>\nDole\u010dek Pavel\u00a0 &#8211;\u00a0 J\u00e1ni\u0161 Petr\u00a0\u00a0\u00a0\u00a0\u00a0\u00a0\u00a0\u00a0\u00a0\u00a0\u00a0\u00a0\u00a0\u00a0\u00a0\u00a0 0 &#8211; 1<br \/>\nVolf Jaroslav\u00a0 &#8211;\u00a0 Driemer Jaroslav\u00a0\u00a0\u00a0\u00a0\u00a0\u00a0\u00a0 1 &#8211; 0<\/p>\n<p><strong>6. kolo\u00a0\u00a0\u00a0\u00a0\u00a0\u00a0\u00a0 13.12.2012<\/strong><\/p>\n<p>Pokorn\u00fd Jan\u00a0 &#8211;\u00a0 Driemer Jaroslav\u00a0\u00a0\u00a0\u00a0\u00a0\u00a0 1-0<br \/>\nJ\u00e1ni\u0161 Petr\u00a0 &#8211;\u00a0 Volf Jaroslav \u00a0 \u00a0 \u00a0 \u00a0 \u00a0 \u00a0 \u00a0 \u00a0 \u00a0 \u00a0 \u00a01\/2<br \/>\nHol\u00e1sek V\u00edt\u00a0 &#8211;\u00a0 Dole\u010dek Pavel\u00a0\u00a0\u00a0\u00a0\u00a0\u00a0\u00a0\u00a0\u00a0\u00a0\u00a0\u00a0\u00a0 0 &#8211; 1<br \/>\nHol\u00e1sek Pavel\u00a0 &#8211;\u00a0 Kubi\u0161ta Ladislav\u00a0\u00a0\u00a0\u00a0\u00a0 1 &#8211; 0<br \/>\nKapoun V\u00edt\u00a0 &#8211;\u00a0 Mina\u0159\u00edk Lubom\u00edr\u00a0\u00a0\u00a0\u00a0\u00a0\u00a0\u00a0\u00a0\u00a0\u00a0\u00a0\u00a0 1-0<br \/>\nKamen\u00edk David\u00a0 &#8211;\u00a0 Hol\u00e1sek Vojt\u011bch\u00a0\u00a0\u00a0\u00a0\u00a0\u00a0\u00a01-0<\/p>\n<p><strong>7. kolo\u00a0\u00a0\u00a0\u00a0\u00a0\u00a0\u00a0 10.1.2013<\/strong><\/p>\n<p>Hol\u00e1sek Vojt\u011bch\u00a0 &#8211;\u00a0 Pokorn\u00fd Jan\u00a0\u00a0\u00a0\u00a0\u00a0\u00a0\u00a0\u00a0\u00a0\u00a0\u00a0\u00a0 0-1<br \/>\nMina\u0159\u00edk Lubom\u00edr\u00a0 &#8211;\u00a0 Kamen\u00edk David\u00a0\u00a0\u00a0\u00a0\u00a0\u00a0\u00a0 0-1<br \/>\nKubi\u0161ta Ladislav\u00a0 &#8211;\u00a0 Kapoun V\u00edt\u00a0\u00a0\u00a0\u00a0\u00a0\u00a0\u00a0\u00a0\u00a0\u00a0\u00a0\u00a0\u00a0\u00a0\u00a01-0<br \/>\nDole\u010dek Pavel\u00a0 &#8211;\u00a0 Hol\u00e1sek Pavel\u00a0\u00a0\u00a0\u00a0\u00a0\u00a0\u00a0\u00a0\u00a0\u00a0\u00a0\u00a0 0-1<br \/>\nVolf Jaroslav\u00a0 &#8211;\u00a0 Hol\u00e1sek V\u00edt\u00a0\u00a0\u00a0\u00a0\u00a0\u00a0\u00a0\u00a0\u00a0\u00a0\u00a0\u00a0\u00a0\u00a0\u00a0\u00a0\u00a0\u00a0\u00a0\u00a0\u00a01-0<br \/>\nDriemer Jaroslav\u00a0 &#8211;\u00a0 J\u00e1ni\u0161 Petr\u00a0\u00a0\u00a0\u00a0\u00a0\u00a0\u00a0\u00a0\u00a0\u00a0\u00a0\u00a0\u00a0\u00a0 0-1<\/p>\n<p><strong>8. kolo\u00a0\u00a0\u00a0\u00a0\u00a0\u00a0\u00a0 24.1.2013<\/strong><\/p>\n<p>Pokorn\u00fd Jan\u00a0 &#8211;\u00a0 J\u00e1ni\u0161 Petr\u00a0\u00a0\u00a0\u00a0\u00a0\u00a0\u00a0\u00a0\u00a0\u00a0\u00a0\u00a0\u00a0\u00a0\u00a0\u00a0\u00a0\u00a0 1\/2<br \/>\nHol\u00e1sek V\u00edt\u00a0 &#8211;\u00a0 Driemer Jaroslav\u00a0\u00a0\u00a0\u00a0\u00a0\u00a0\u00a0\u00a0 0-1<br \/>\nHol\u00e1sek Pavel\u00a0 &#8211;\u00a0 Volf Jaroslav \u00a0 \u00a0 \u00a0 \u00a0 \u00a0 \u00a01-0<br \/>\nKapoun V\u00edt\u00a0 &#8211;\u00a0 Dole\u010dek Pavel\u00a0\u00a0\u00a0\u00a0\u00a0\u00a0\u00a0\u00a0\u00a0\u00a0\u00a0\u00a0\u00a0 1-0<br \/>\nKamen\u00edk David\u00a0 &#8211;\u00a0 Kubi\u0161ta Ladislav\u00a0\u00a0\u00a0 1\/2<br \/>\nHol\u00e1sek Vojt\u011bch\u00a0 &#8211;\u00a0 Mina\u0159\u00edk Lubom\u00edr\u00a0\u00a0\u00a0 0-1<\/p>\n<p><strong>9. kolo\u00a0\u00a0\u00a0\u00a0\u00a0\u00a0\u00a0 14.2.2012<\/strong><\/p>\n<p>Mina\u0159\u00edk Lubom\u00edr\u00a0 &#8211;\u00a0 Pokorn\u00fd Jan\u00a0\u00a0\u00a0\u00a0\u00a0\u00a0\u00a0\u00a0\u00a0\u00a0\u00a0\u00a0\u00a0\u00a0\u00a0\u00a0\u00a0 1-0<br \/>\nKubi\u0161ta Ladislav\u00a0 &#8211;\u00a0 Hol\u00e1sek Vojt\u011bch\u00a0\u00a0\u00a0\u00a0\u00a0\u00a0\u00a0\u00a0 1-0<br \/>\nDole\u010dek Pavel\u00a0 &#8211;\u00a0 Kamen\u00edk David\u00a0\u00a0\u00a0\u00a0\u00a0\u00a0\u00a0\u00a0\u00a0\u00a0\u00a0\u00a0\u00a0\u00a00-1<br \/>\nVolf Jaroslav\u00a0 &#8211;\u00a0 Kapoun V\u00edt\u00a0\u00a0\u00a0\u00a0\u00a0\u00a0\u00a0\u00a0\u00a0\u00a0\u00a0\u00a0\u00a0\u00a0\u00a0\u00a0\u00a0\u00a0\u00a0\u00a0\u00a0\u00a0\u00a0 1-0<br \/>\nDriemer Jaroslav\u00a0 &#8211;\u00a0 Hol\u00e1sek Pavel\u00a0\u00a0\u00a0\u00a0\u00a0\u00a0\u00a0\u00a0\u00a0\u00a0 0-1<br \/>\nJ\u00e1ni\u0161 Petr\u00a0 &#8211;\u00a0 Hol\u00e1sek V\u00edt\u00a0\u00a0\u00a0\u00a0\u00a0\u00a0\u00a0\u00a0\u00a0\u00a0\u00a0\u00a0\u00a0\u00a0\u00a0\u00a0\u00a0\u00a0\u00a0\u00a0\u00a0\u00a0\u00a0\u00a0\u00a0\u00a0\u00a0\u00a01-0<\/p>\n<p><strong>10. kolo\u00a0\u00a0\u00a0\u00a0\u00a0\u00a0\u00a0 28.2.2013<\/strong><\/p>\n<p>Pokorn\u00fd Jan\u00a0 &#8211;\u00a0 Hol\u00e1sek V\u00edt\u00a0\u00a0\u00a0\u00a0\u00a0\u00a0\u00a0\u00a0\u00a0\u00a0\u00a0\u00a0\u00a0\u00a0\u00a0\u00a0\u00a0\u00a0\u00a0\u00a0\u00a0\u00a0 1-0<br \/>\nHol\u00e1sek Pavel\u00a0 &#8211;\u00a0 J\u00e1ni\u0161 Petr\u00a0\u00a0\u00a0\u00a0\u00a0\u00a0\u00a0\u00a0\u00a0\u00a0\u00a0\u00a0\u00a0\u00a0\u00a0\u00a0\u00a0\u00a0\u00a0\u00a0\u00a0\u00a0 1-0<br \/>\nKapoun V\u00edt\u00a0 &#8211;\u00a0 Driemer Jaroslav\u00a0\u00a0\u00a0\u00a0\u00a0\u00a0\u00a0\u00a0\u00a0\u00a0\u00a0\u00a0\u00a0\u00a0\u00a0\u00a0 1-0<br \/>\nKamen\u00edk David\u00a0 &#8211;\u00a0 Volf Jaroslav\u00a0\u00a0\u00a0\u00a0\u00a0\u00a0\u00a0\u00a0\u00a0\u00a0\u00a0\u00a0\u00a0\u00a0\u00a0\u00a0\u00a0 0-1<br \/>\nHol\u00e1sek Vojt\u011bch\u00a0 &#8211;\u00a0 Dole\u010dek Pavel\u00a0\u00a0\u00a0\u00a0\u00a0\u00a0\u00a0\u00a0\u00a0\u00a0\u00a0\u00a0 0-1<br \/>\nMina\u0159\u00edk Lubom\u00edr\u00a0 &#8211;\u00a0 Kubi\u0161ta\u00a0\u00a0\u00a0Ladislav\u00a0\u00a0\u00a0\u00a0\u00a0\u00a0\u00a0 1-0<\/p>\n<p><strong>11. kolo\u00a0\u00a0\u00a0\u00a0\u00a0\u00a0\u00a0 14.3.2012<\/strong><\/p>\n<p>Kubi\u0161ta Ladislav\u00a0 &#8211;\u00a0 Pokorn\u00fd Jan \u00a0 \u00a0 \u00a0 \u00a0 \u00a0 \u00a0 \u00a0 \u00a01\/2<br \/>\nDole\u010dek Pavel\u00a0 &#8211;\u00a0 Mina\u0159\u00edk Lubom\u00edr\u00a0\u00a0\u00a0\u00a0\u00a0\u00a0\u00a0\u00a0\u00a0\u00a0\u00a0 0-1<br \/>\nVolf Jaroslav\u00a0 &#8211;\u00a0 Hol\u00e1sek Vojt\u011bch\u00a0\u00a0\u00a0\u00a0\u00a0\u00a0\u00a0\u00a0\u00a0\u00a0\u00a0\u00a0\u00a0\u00a0 1-0<br \/>\nDriemer Jaroslav\u00a0 &#8211;\u00a0 Kamen\u00edk David\u00a0\u00a0\u00a0\u00a0\u00a0\u00a0\u00a0\u00a0 0-1<br \/>\nJ\u00e1ni\u0161 Petr\u00a0 &#8211;\u00a0 Kapoun V\u00edt\u00a0\u00a0\u00a0\u00a0\u00a0\u00a0\u00a0\u00a0\u00a0\u00a0\u00a0\u00a0\u00a0\u00a0\u00a0\u00a0\u00a0\u00a0\u00a0\u00a0\u00a0\u00a0\u00a0\u00a0\u00a0\u00a0 1-0<br \/>\nHol\u00e1sek V\u00edt\u00a0 &#8211;\u00a0 Hol\u00e1sek Pavel\u00a0\u00a0\u00a0\u00a0\u00a0\u00a0\u00a0\u00a0\u00a0\u00a0\u00a0\u00a0\u00a0\u00a0\u00a0\u00a0\u00a0\u00a0\u00a0 0-1<\/p>\n<p>Dohr\u00e1no<\/p>\n<p>aktu\u00e1ln\u00ed v\u00fdsledky na chess_results<\/p>\n<p><a href=\"http:\/\/www.chess-results.com\/tnr91924.aspx?art=4&amp;lan=5&amp;wi=821\">http:\/\/www.chess-results.com\/tnr91924.aspx?art=4&amp;lan=5&amp;wi=821<\/a><\/p>\n<\/div>\n","protected":false},"excerpt":{"rendered":"<p>Los Jm\u00e9no ELO 1 2 3 4 5 6 7 8 9 10 11 12 Body S.B. Po\u0159. 1 Hol\u00e1sek Pavel 2051 \u00a0x 1 \u00bd 1 0 1 1 1 \u00a01 \u00a01 \u00a01 1 2 Kapoun V\u00edt 1758 0 \u00a0x \u00bd 1 1 0 1 0 \u00a01 \u00a00 1 0 3 Kamen\u00edk David 1875 \u00bd [&hellip;]<\/p>\n","protected":false},"author":11,"featured_media":0,"parent":178,"menu_order":16,"comment_status":"closed","ping_status":"closed","template":"","meta":{"ngg_post_thumbnail":0,"footnotes":"","_links_to":"","_links_to_target":""},"class_list":["post-4313","page","type-page","status-publish","hentry"],"_links":{"self":[{"href":"https:\/\/www.sachyuo.cz\/index.php?rest_route=\/wp\/v2\/pages\/4313","targetHints":{"allow":["GET"]}}],"collection":[{"href":"https:\/\/www.sachyuo.cz\/index.php?rest_route=\/wp\/v2\/pages"}],"about":[{"href":"https:\/\/www.sachyuo.cz\/index.php?rest_route=\/wp\/v2\/types\/page"}],"author":[{"embeddable":true,"href":"https:\/\/www.sachyuo.cz\/index.php?rest_route=\/wp\/v2\/users\/11"}],"replies":[{"embeddable":true,"href":"https:\/\/www.sachyuo.cz\/index.php?rest_route=%2Fwp%2Fv2%2Fcomments&post=4313"}],"version-history":[{"count":47,"href":"https:\/\/www.sachyuo.cz\/index.php?rest_route=\/wp\/v2\/pages\/4313\/revisions"}],"predecessor-version":[{"id":8251,"href":"https:\/\/www.sachyuo.cz\/index.php?rest_route=\/wp\/v2\/pages\/4313\/revisions\/8251"}],"up":[{"embeddable":true,"href":"https:\/\/www.sachyuo.cz\/index.php?rest_route=\/wp\/v2\/pages\/178"}],"wp:attachment":[{"href":"https:\/\/www.sachyuo.cz\/index.php?rest_route=%2Fwp%2Fv2%2Fmedia&parent=4313"}],"curies":[{"name":"wp","href":"https:\/\/api.w.org\/{rel}","templated":true}]}}